{"id":8153,"date":"2022-10-15T12:00:01","date_gmt":"2022-10-15T10:00:01","guid":{"rendered":"https:\/\/www.hopmann-garten.de\/?page_id=8153"},"modified":"2025-02-17T16:59:44","modified_gmt":"2025-02-17T15:59:44","slug":"angelabteilung","status":"publish","type":"page","link":"https:\/\/www.hopmann-garten.de\/?page_id=8153","title":{"rendered":"Angelabteilung im Hopmann Garten- &amp; Freizeitmarkt Xanten"},"content":{"rendered":"\n<div class=\"wp-block-columns alignwide is-layout-flex wp-container-core-columns-is-layout-28f84493 wp-block-columns-is-layout-flex\">\n<div class=\"wp-block-column is-layout-flow wp-block-column-is-layout-flow\" style=\"flex-basis:25%\">\n<p>Eine gro\u00dfe Markenvielfalt, ein gutes Preis-Leistungs-Verh\u00e4ltnis und eine pers\u00f6nliche Beratung \u2013 das erwartet Sie in unserer Angelabteilung. Wir haben f\u00fcr jeden Angler vom Anf\u00e4nger bis zum Profi die passende Ausstattung f\u00fcr das entsprechende Budget. Neben hervorragenden Premiummarken f\u00fchren wir auch viele Einsteigermodelle zu einem g\u00fcnstigen Preis.<\/p>\n\n\n\n<figure class=\"wp-block-image size-large\"><img loading=\"lazy\" decoding=\"async\" width=\"1024\" height=\"768\" src=\"https:\/\/www.hopmann-garten.de\/wp-content\/uploads\/2022\/10\/0317_C4-1024x768.jpg\" alt=\"Angelabteilung\" class=\"wp-image-8149\" srcset=\"https:\/\/www.hopmann-garten.de\/wp-content\/uploads\/2022\/10\/0317_C4-1024x768.jpg 1024w, https:\/\/www.hopmann-garten.de\/wp-content\/uploads\/2022\/10\/0317_C4-300x225.jpg 300w, https:\/\/www.hopmann-garten.de\/wp-content\/uploads\/2022\/10\/0317_C4-768x576.jpg 768w, https:\/\/www.hopmann-garten.de\/wp-content\/uploads\/2022\/10\/0317_C4-1536x1152.jpg 1536w, https:\/\/www.hopmann-garten.de\/wp-content\/uploads\/2022\/10\/0317_C4-450x338.jpg 450w, https:\/\/www.hopmann-garten.de\/wp-content\/uploads\/2022\/10\/0317_C4.jpg 2048w\" sizes=\"auto, (max-width: 1024px) 100vw, 1024px\" \/><\/figure>\n<\/div>\n\n\n\n<div class=\"wp-block-column is-layout-flow wp-block-column-is-layout-flow\" style=\"flex-basis:25%\">\n<p>Unser Sortiment haben wir speziell auf die Gew\u00e4sser in und um Xanten abgestimmt, f\u00fcr die Sie bei uns auch die Fischereierlaubnisscheine erwerben k\u00f6nnen (<a href=\"https:\/\/www.hopmann-garten.de\/?p=6037\" target=\"_blank\" rel=\"noreferrer noopener\">Rhein<\/a>&nbsp;und&nbsp;<a href=\"https:\/\/www.hopmann-garten.de\/?p=6200\" target=\"_blank\" rel=\"noreferrer noopener\">Xantener Nord- und S\u00fcdsee<\/a>).<\/p>\n\n\n\n<p>Bei uns findet Ihr Angelger\u00e4te und Zubeh\u00f6r der Marken&nbsp;Fox, Fox Rage, Matrix, Zebco, Black Cat, Avid, Korum, <a href=\"https:\/\/www.prestoninnovations.com\/\" target=\"_blank\" rel=\"noreferrer noopener\">Preston<\/a>, Sonubaits, Keitech, Nories, Ecogear, Z-Man, Camo-Tackle, Delphin, Mios Lures, Trakker, WFT, Capt&#8217;n Greenfin und FTM.<\/p>\n\n\n\n<figure class=\"wp-block-image size-large\"><img loading=\"lazy\" decoding=\"async\" width=\"1024\" height=\"768\" src=\"https:\/\/www.hopmann-garten.de\/wp-content\/uploads\/2022\/10\/3540002_C4-1024x768.jpg\" alt=\"Angelabteilung\" class=\"wp-image-8140\" srcset=\"https:\/\/www.hopmann-garten.de\/wp-content\/uploads\/2022\/10\/3540002_C4-1024x768.jpg 1024w, https:\/\/www.hopmann-garten.de\/wp-content\/uploads\/2022\/10\/3540002_C4-300x225.jpg 300w, https:\/\/www.hopmann-garten.de\/wp-content\/uploads\/2022\/10\/3540002_C4-768x576.jpg 768w, https:\/\/www.hopmann-garten.de\/wp-content\/uploads\/2022\/10\/3540002_C4-1536x1152.jpg 1536w, https:\/\/www.hopmann-garten.de\/wp-content\/uploads\/2022\/10\/3540002_C4-450x338.jpg 450w, https:\/\/www.hopmann-garten.de\/wp-content\/uploads\/2022\/10\/3540002_C4.jpg 2048w\" sizes=\"auto, (max-width: 1024px) 100vw, 1024px\" \/><\/figure>\n<\/div>\n\n\n\n<div class=\"wp-block-column is-layout-flow wp-block-column-is-layout-flow\" style=\"flex-basis:45%\">\n<figure class=\"wp-block-image size-large\"><img loading=\"lazy\" decoding=\"async\" width=\"1024\" height=\"682\" src=\"https:\/\/www.hopmann-garten.de\/wp-content\/uploads\/2022\/10\/14199_C1-1024x682.jpg\" alt=\"Angelabteilung Rhino\" class=\"wp-image-8141\" srcset=\"https:\/\/www.hopmann-garten.de\/wp-content\/uploads\/2022\/10\/14199_C1-1024x682.jpg 1024w, https:\/\/www.hopmann-garten.de\/wp-content\/uploads\/2022\/10\/14199_C1-300x200.jpg 300w, https:\/\/www.hopmann-garten.de\/wp-content\/uploads\/2022\/10\/14199_C1-768x511.jpg 768w, https:\/\/www.hopmann-garten.de\/wp-content\/uploads\/2022\/10\/14199_C1-1536x1022.jpg 1536w, https:\/\/www.hopmann-garten.de\/wp-content\/uploads\/2022\/10\/14199_C1-450x299.jpg 450w, https:\/\/www.hopmann-garten.de\/wp-content\/uploads\/2022\/10\/14199_C1-272x182.jpg 272w, https:\/\/www.hopmann-garten.de\/wp-content\/uploads\/2022\/10\/14199_C1.jpg 2048w\" sizes=\"auto, (max-width: 1024px) 100vw, 1024px\" \/><\/figure>\n\n\n\n<p>Dahingehend haben wir uns in der Angelabteilung bewusst nicht nur auf Spinnfischen und Feederangeln konzentriert, sondern bieten auch Zubeh\u00f6r zum Forellenangeln und dem klassischen Friedfischangeln an. Mit Black Cat haben wir jetzt auch noch einen starken Partner f\u00fcr das Welsangeln mit im Boot. Selbstverst\u00e4ndlich bieten wir auch eine Auswahl an Lebendk\u00f6dern wie Maden, Dendrobena, Tauw\u00fcrmer und Bienenmaden an.<\/p>\n<\/div>\n<\/div>\n\n\n\n<p>Wir haben inzwischen auch eine gro\u00dfe Auswahl an Ruten, Rollen und Schn\u00fcren f\u00fcr fast jeden Einsatzbereich vorr\u00e4tig, egal ob Einsteiger oder Profi, in unserem st\u00e4ndig wachsenden Sortiment findet sich alles, was der Angler braucht.<\/p>\n\n\n\n<p>Wir f\u00fchren auch eine Auswahl an Riesenrotw\u00fcrmern (Dendrobena) in unterschiedlichen Gr\u00f6\u00dfen, sowie sch\u00f6ne gro\u00dfe Tauw\u00fcrmer, Maden und Bienenmaden und arbeiten mit dem <a href=\"https:\/\/niederrheinischer-wurmhandel.eu\/\" target=\"_blank\" rel=\"noreferrer noopener\">Niederrheinischen Wurmhandel<\/a> zusammen, dieser steht f\u00fcr die Herstellung von hochwertigen Produkten. Wir setzen hier bewusst auf den lokalen Erzeuger, wodurch wir schnell und flexibel auch besondere W\u00fcnsche erf\u00fcllen und ggf. auch gr\u00f6\u00dfere Mengen Lebendk\u00f6der beschaffen k\u00f6nnen.<\/p>\n\n\n\n<p>Und f\u00fcr diejenigen, die noch keinen Fischereischein haben, bieten wir in Zusammenarbeit mit dem Rheinischen Fischereiverband Pr\u00fcfungsvorbereitungskurse f\u00fcr die Fischerpr\u00fcfung an. Die Kurse findem jeweils im Fr\u00fchjahr und Herbst statt. Alle weiteren Informationen hierzu findet Ihr <a href=\"https:\/\/www.hopmann-garten.de\/?p=6592\" target=\"_blank\" rel=\"noreferrer noopener\">hier<\/a>.<\/p>\n\n\n\n<p>Sollten wir einmal einen Artikel nicht im Sortiment haben, k\u00f6nnen wir Ihnen diesen auch gerne bestellen.<\/p>\n","protected":false},"excerpt":{"rendered":"<p>Eine gro\u00dfe Markenvielfalt, ein gutes Preis-Leistungs-Verh\u00e4ltnis und eine pers\u00f6nliche Beratung \u2013 das erwartet Sie in unserer Angelabteilung. Wir haben f\u00fcr jeden Angler vom Anf\u00e4nger bis zum Profi die passende Ausstattung f\u00fcr das entsprechende Budget. Neben hervorragenden Premiummarken f\u00fchren wir auch viele Einsteigermodelle zu einem g\u00fcnstigen Preis. Unser Sortiment haben wir speziell auf die Gew\u00e4sser in [&hellip;]<\/p>\n","protected":false},"author":1,"featured_media":8141,"parent":0,"menu_order":0,"comment_status":"closed","ping_status":"closed","template":"","meta":{"footnotes":""},"class_list":["post-8153","page","type-page","status-publish","has-post-thumbnail","hentry"],"ams_acf":[],"yoast_head":"<!-- This site is optimized with the Yoast SEO plugin v27.3 - https:\/\/yoast.com\/product\/yoast-seo-wordpress\/ -->\n<title>Angelabteilung im Hopmann Garten- &amp; Freizeitmarkt Xanten -<\/title>\n<meta name=\"description\" content=\"In unserer Angelabteilung findet Ihr u.a. die Marken\u00a0Fox Rage, Matrix, Black Cat, Preston, Korum, Sonubaits, Keitech, WFT, FTM und Nories.\" \/>\n<meta name=\"robots\" content=\"index, follow, max-snippet:-1, max-image-preview:large, max-video-preview:-1\" \/>\n<link rel=\"canonical\" href=\"https:\/\/www.hopmann-garten.de\/?page_id=8153\" \/>\n<meta property=\"og:locale\" content=\"de_DE\" \/>\n<meta property=\"og:type\" content=\"article\" \/>\n<meta property=\"og:title\" content=\"Angelabteilung im Hopmann Garten- &amp; Freizeitmarkt Xanten -\" \/>\n<meta property=\"og:description\" content=\"In unserer Angelabteilung findet Ihr u.a. die Marken\u00a0Fox Rage, Matrix, Black Cat, Preston, Korum, Sonubaits, Keitech, WFT, FTM und Nories.\" \/>\n<meta property=\"og:url\" content=\"https:\/\/www.hopmann-garten.de\/?page_id=8153\" \/>\n<meta property=\"article:publisher\" content=\"https:\/\/www.facebook.com\/HopmannGM\" \/>\n<meta property=\"article:modified_time\" content=\"2025-02-17T15:59:44+00:00\" \/>\n<meta property=\"og:image\" content=\"https:\/\/www.hopmann-garten.de\/wp-content\/uploads\/2022\/10\/14199_C1.jpg\" \/>\n\t<meta property=\"og:image:width\" content=\"2048\" \/>\n\t<meta property=\"og:image:height\" content=\"1363\" \/>\n\t<meta property=\"og:image:type\" content=\"image\/jpeg\" \/>\n<meta name=\"twitter:card\" content=\"summary_large_image\" \/>\n<meta name=\"twitter:label1\" content=\"Gesch\u00e4tzte Lesezeit\" \/>\n\t<meta name=\"twitter:data1\" content=\"3\u00a0Minuten\" \/>\n<script type=\"application\/ld+json\" class=\"yoast-schema-graph\">{\"@context\":\"https:\\\/\\\/schema.org\",\"@graph\":[{\"@type\":\"WebPage\",\"@id\":\"https:\\\/\\\/www.hopmann-garten.de\\\/?page_id=8153\",\"url\":\"https:\\\/\\\/www.hopmann-garten.de\\\/?page_id=8153\",\"name\":\"Angelabteilung im Hopmann Garten- &amp; Freizeitmarkt Xanten -\",\"isPartOf\":{\"@id\":\"https:\\\/\\\/www.hopmann-garten.de\\\/#website\"},\"primaryImageOfPage\":{\"@id\":\"https:\\\/\\\/www.hopmann-garten.de\\\/?page_id=8153#primaryimage\"},\"image\":{\"@id\":\"https:\\\/\\\/www.hopmann-garten.de\\\/?page_id=8153#primaryimage\"},\"thumbnailUrl\":\"https:\\\/\\\/www.hopmann-garten.de\\\/wp-content\\\/uploads\\\/2022\\\/10\\\/14199_C1.jpg\",\"datePublished\":\"2022-10-15T10:00:01+00:00\",\"dateModified\":\"2025-02-17T15:59:44+00:00\",\"description\":\"In unserer Angelabteilung findet Ihr u.a. die Marken\u00a0Fox Rage, Matrix, Black Cat, Preston, Korum, Sonubaits, Keitech, WFT, FTM und Nories.\",\"breadcrumb\":{\"@id\":\"https:\\\/\\\/www.hopmann-garten.de\\\/?page_id=8153#breadcrumb\"},\"inLanguage\":\"de\",\"potentialAction\":[{\"@type\":\"ReadAction\",\"target\":[\"https:\\\/\\\/www.hopmann-garten.de\\\/?page_id=8153\"]}]},{\"@type\":\"ImageObject\",\"inLanguage\":\"de\",\"@id\":\"https:\\\/\\\/www.hopmann-garten.de\\\/?page_id=8153#primaryimage\",\"url\":\"https:\\\/\\\/www.hopmann-garten.de\\\/wp-content\\\/uploads\\\/2022\\\/10\\\/14199_C1.jpg\",\"contentUrl\":\"https:\\\/\\\/www.hopmann-garten.de\\\/wp-content\\\/uploads\\\/2022\\\/10\\\/14199_C1.jpg\",\"width\":2048,\"height\":1363,\"caption\":\"Angelabteilung Rhino\"},{\"@type\":\"BreadcrumbList\",\"@id\":\"https:\\\/\\\/www.hopmann-garten.de\\\/?page_id=8153#breadcrumb\",\"itemListElement\":[{\"@type\":\"ListItem\",\"position\":1,\"name\":\"Home\",\"item\":\"https:\\\/\\\/www.hopmann-garten.de\\\/\"},{\"@type\":\"ListItem\",\"position\":2,\"name\":\"Angelabteilung im Hopmann Garten- &amp; Freizeitmarkt Xanten\"}]},{\"@type\":\"WebSite\",\"@id\":\"https:\\\/\\\/www.hopmann-garten.de\\\/#website\",\"url\":\"https:\\\/\\\/www.hopmann-garten.de\\\/\",\"name\":\"\",\"description\":\"\",\"publisher\":{\"@id\":\"https:\\\/\\\/www.hopmann-garten.de\\\/#organization\"},\"potentialAction\":[{\"@type\":\"SearchAction\",\"target\":{\"@type\":\"EntryPoint\",\"urlTemplate\":\"https:\\\/\\\/www.hopmann-garten.de\\\/?s={search_term_string}\"},\"query-input\":{\"@type\":\"PropertyValueSpecification\",\"valueRequired\":true,\"valueName\":\"search_term_string\"}}],\"inLanguage\":\"de\"},{\"@type\":\"Organization\",\"@id\":\"https:\\\/\\\/www.hopmann-garten.de\\\/#organization\",\"name\":\"Mobau Hopmann GmbH Garten- und Freizeitmarkt\",\"url\":\"https:\\\/\\\/www.hopmann-garten.de\\\/\",\"logo\":{\"@type\":\"ImageObject\",\"inLanguage\":\"de\",\"@id\":\"https:\\\/\\\/www.hopmann-garten.de\\\/#\\\/schema\\\/logo\\\/image\\\/\",\"url\":\"https:\\\/\\\/www.hopmann-garten.de\\\/wp-content\\\/uploads\\\/2025\\\/02\\\/image.png\",\"contentUrl\":\"https:\\\/\\\/www.hopmann-garten.de\\\/wp-content\\\/uploads\\\/2025\\\/02\\\/image.png\",\"width\":2823,\"height\":421,\"caption\":\"Mobau Hopmann GmbH Garten- und Freizeitmarkt\"},\"image\":{\"@id\":\"https:\\\/\\\/www.hopmann-garten.de\\\/#\\\/schema\\\/logo\\\/image\\\/\"},\"sameAs\":[\"https:\\\/\\\/www.facebook.com\\\/HopmannGM\",\"https:\\\/\\\/www.instagram.com\\\/garten_freizeitmarkt_hopmann\\\/\"]}]}<\/script>\n<!-- \/ Yoast SEO plugin. -->","yoast_head_json":{"title":"Angelabteilung im Hopmann Garten- &amp; Freizeitmarkt Xanten -","description":"In unserer Angelabteilung findet Ihr u.a. die Marken\u00a0Fox Rage, Matrix, Black Cat, Preston, Korum, Sonubaits, Keitech, WFT, FTM und Nories.","robots":{"index":"index","follow":"follow","max-snippet":"max-snippet:-1","max-image-preview":"max-image-preview:large","max-video-preview":"max-video-preview:-1"},"canonical":"https:\/\/www.hopmann-garten.de\/?page_id=8153","og_locale":"de_DE","og_type":"article","og_title":"Angelabteilung im Hopmann Garten- &amp; Freizeitmarkt Xanten -","og_description":"In unserer Angelabteilung findet Ihr u.a. die Marken\u00a0Fox Rage, Matrix, Black Cat, Preston, Korum, Sonubaits, Keitech, WFT, FTM und Nories.","og_url":"https:\/\/www.hopmann-garten.de\/?page_id=8153","article_publisher":"https:\/\/www.facebook.com\/HopmannGM","article_modified_time":"2025-02-17T15:59:44+00:00","og_image":[{"width":2048,"height":1363,"url":"https:\/\/www.hopmann-garten.de\/wp-content\/uploads\/2022\/10\/14199_C1.jpg","type":"image\/jpeg"}],"twitter_card":"summary_large_image","twitter_misc":{"Gesch\u00e4tzte Lesezeit":"3\u00a0Minuten"},"schema":{"@context":"https:\/\/schema.org","@graph":[{"@type":"WebPage","@id":"https:\/\/www.hopmann-garten.de\/?page_id=8153","url":"https:\/\/www.hopmann-garten.de\/?page_id=8153","name":"Angelabteilung im Hopmann Garten- &amp; Freizeitmarkt Xanten -","isPartOf":{"@id":"https:\/\/www.hopmann-garten.de\/#website"},"primaryImageOfPage":{"@id":"https:\/\/www.hopmann-garten.de\/?page_id=8153#primaryimage"},"image":{"@id":"https:\/\/www.hopmann-garten.de\/?page_id=8153#primaryimage"},"thumbnailUrl":"https:\/\/www.hopmann-garten.de\/wp-content\/uploads\/2022\/10\/14199_C1.jpg","datePublished":"2022-10-15T10:00:01+00:00","dateModified":"2025-02-17T15:59:44+00:00","description":"In unserer Angelabteilung findet Ihr u.a. die Marken\u00a0Fox Rage, Matrix, Black Cat, Preston, Korum, Sonubaits, Keitech, WFT, FTM und Nories.","breadcrumb":{"@id":"https:\/\/www.hopmann-garten.de\/?page_id=8153#breadcrumb"},"inLanguage":"de","potentialAction":[{"@type":"ReadAction","target":["https:\/\/www.hopmann-garten.de\/?page_id=8153"]}]},{"@type":"ImageObject","inLanguage":"de","@id":"https:\/\/www.hopmann-garten.de\/?page_id=8153#primaryimage","url":"https:\/\/www.hopmann-garten.de\/wp-content\/uploads\/2022\/10\/14199_C1.jpg","contentUrl":"https:\/\/www.hopmann-garten.de\/wp-content\/uploads\/2022\/10\/14199_C1.jpg","width":2048,"height":1363,"caption":"Angelabteilung Rhino"},{"@type":"BreadcrumbList","@id":"https:\/\/www.hopmann-garten.de\/?page_id=8153#breadcrumb","itemListElement":[{"@type":"ListItem","position":1,"name":"Home","item":"https:\/\/www.hopmann-garten.de\/"},{"@type":"ListItem","position":2,"name":"Angelabteilung im Hopmann Garten- &amp; Freizeitmarkt Xanten"}]},{"@type":"WebSite","@id":"https:\/\/www.hopmann-garten.de\/#website","url":"https:\/\/www.hopmann-garten.de\/","name":"","description":"","publisher":{"@id":"https:\/\/www.hopmann-garten.de\/#organization"},"potentialAction":[{"@type":"SearchAction","target":{"@type":"EntryPoint","urlTemplate":"https:\/\/www.hopmann-garten.de\/?s={search_term_string}"},"query-input":{"@type":"PropertyValueSpecification","valueRequired":true,"valueName":"search_term_string"}}],"inLanguage":"de"},{"@type":"Organization","@id":"https:\/\/www.hopmann-garten.de\/#organization","name":"Mobau Hopmann GmbH Garten- und Freizeitmarkt","url":"https:\/\/www.hopmann-garten.de\/","logo":{"@type":"ImageObject","inLanguage":"de","@id":"https:\/\/www.hopmann-garten.de\/#\/schema\/logo\/image\/","url":"https:\/\/www.hopmann-garten.de\/wp-content\/uploads\/2025\/02\/image.png","contentUrl":"https:\/\/www.hopmann-garten.de\/wp-content\/uploads\/2025\/02\/image.png","width":2823,"height":421,"caption":"Mobau Hopmann GmbH Garten- und Freizeitmarkt"},"image":{"@id":"https:\/\/www.hopmann-garten.de\/#\/schema\/logo\/image\/"},"sameAs":["https:\/\/www.facebook.com\/HopmannGM","https:\/\/www.instagram.com\/garten_freizeitmarkt_hopmann\/"]}]}},"_links":{"self":[{"href":"https:\/\/www.hopmann-garten.de\/index.php?rest_route=\/wp\/v2\/pages\/8153","targetHints":{"allow":["GET"]}}],"collection":[{"href":"https:\/\/www.hopmann-garten.de\/index.php?rest_route=\/wp\/v2\/pages"}],"about":[{"href":"https:\/\/www.hopmann-garten.de\/index.php?rest_route=\/wp\/v2\/types\/page"}],"author":[{"embeddable":true,"href":"https:\/\/www.hopmann-garten.de\/index.php?rest_route=\/wp\/v2\/users\/1"}],"replies":[{"embeddable":true,"href":"https:\/\/www.hopmann-garten.de\/index.php?rest_route=%2Fwp%2Fv2%2Fcomments&post=8153"}],"version-history":[{"count":16,"href":"https:\/\/www.hopmann-garten.de\/index.php?rest_route=\/wp\/v2\/pages\/8153\/revisions"}],"predecessor-version":[{"id":9739,"href":"https:\/\/www.hopmann-garten.de\/index.php?rest_route=\/wp\/v2\/pages\/8153\/revisions\/9739"}],"wp:featuredmedia":[{"embeddable":true,"href":"https:\/\/www.hopmann-garten.de\/index.php?rest_route=\/wp\/v2\/media\/8141"}],"wp:attachment":[{"href":"https:\/\/www.hopmann-garten.de\/index.php?rest_route=%2Fwp%2Fv2%2Fmedia&parent=8153"}],"curies":[{"name":"wp","href":"https:\/\/api.w.org\/{rel}","templated":true}]}}