{"id":49,"date":"2016-01-25T09:30:00","date_gmt":"2016-01-25T08:30:00","guid":{"rendered":"http:\/\/test.bastelshop-xanten.de\/?page_id=49"},"modified":"2025-02-20T11:24:55","modified_gmt":"2025-02-20T10:24:55","slug":"wohnambiente","status":"publish","type":"page","link":"https:\/\/www.hopmann-garten.de\/?page_id=49","title":{"rendered":"Wohnambiente"},"content":{"rendered":"\n<div class=\"wp-block-group alignfull is-content-justification-center is-layout-constrained wp-container-core-group-is-layout-df757ecc wp-block-group-is-layout-constrained\" style=\"margin-top:0;margin-bottom:0;padding-top:calc( 0.5 * var(--wp--style--root--padding-right, var(--wp--custom--gap--horizontal)));padding-right:var(--wp--style--root--padding-right, var(--wp--custom--gap--horizontal));padding-bottom:calc( 0.5 * var(--wp--style--root--padding-right, var(--wp--custom--gap--horizontal)));padding-left:var(--wp--style--root--padding-left, var(--wp--custom--gap--horizontal))\">\n<div style=\"height:calc( 0.25 * var(--wp--style--root--padding-right, var(--wp--custom--gap--horizontal)))\" aria-hidden=\"true\" class=\"wp-block-spacer\"><\/div>\n\n\n\n<div class=\"wp-block-columns alignwide is-layout-flex wp-container-core-columns-is-layout-7fc3d43a wp-block-columns-is-layout-flex\">\n<div class=\"wp-block-column is-vertically-aligned-center is-content-justification-left is-layout-constrained wp-container-core-column-is-layout-128e448e wp-block-column-is-layout-constrained\" style=\"flex-basis:40%\">\n<h2 class=\"wp-block-heading\">Wir f\u00fchren ein umfangreiches Sortiment f\u00fcr Wohnambiente und Lifestyle.<\/h2>\n\n\n\n<p>\u00dcber Wohnambiente und Geschmack l\u00e4sst sich ja bekanntlich nicht streiten! Aus diesem Grund finden Sie bei uns\u00a0auch etwas f\u00fcr jeden Geschmack.<br>Glas, Kerzen, Tischschmuck, Textilien und Kleinm\u00f6bel \u00a0finden Sie bei uns in saisonal st\u00e4ndig wechselnden Zusammensetzungen und Ausf\u00fchrungen.<br>Zum Wohnen geh\u00f6rt auch ein festlich gedeckter Tisch. Wir bieten Ihnen\u00a0eine Auswahl an Tischdecken, Sets, Servietten, Kerzen mit den passenden Leuchtern, Blumendekorationen und vieles mehr an.<br>Wenn Sie weitere Vorschl\u00e4ge zum Selbermachen suchen, finden Sie bei uns Anregungen und das n\u00f6tige Material.<br>F\u00fcr Abwechslung in der K\u00fcche sorgen Geschirrt\u00fccher und Sch\u00fcrzen, alles in bew\u00e4hrter guter Qualit\u00e4t.<\/p>\n<\/div>\n\n\n\n<div class=\"wp-block-column is-layout-flow wp-block-column-is-layout-flow\">\n<div class=\"wp-block-columns alignwide is-layout-flex wp-container-core-columns-is-layout-85695472 wp-block-columns-is-layout-flex\">\n<div class=\"wp-block-column is-layout-flow wp-container-core-column-is-layout-6b73ce23 wp-block-column-is-layout-flow\">\n<figure class=\"wp-block-image size-full\"><img loading=\"lazy\" decoding=\"async\" width=\"480\" height=\"640\" src=\"https:\/\/www.hopmann-garten.de\/wp-content\/uploads\/2025\/02\/IMG_8722.jpg\" alt=\"\" class=\"wp-image-9721\" srcset=\"https:\/\/www.hopmann-garten.de\/wp-content\/uploads\/2025\/02\/IMG_8722.jpg 480w, https:\/\/www.hopmann-garten.de\/wp-content\/uploads\/2025\/02\/IMG_8722-225x300.jpg 225w, https:\/\/www.hopmann-garten.de\/wp-content\/uploads\/2025\/02\/IMG_8722-300x400.jpg 300w, https:\/\/www.hopmann-garten.de\/wp-content\/uploads\/2025\/02\/IMG_8722-450x600.jpg 450w\" sizes=\"auto, (max-width: 480px) 100vw, 480px\" \/><\/figure>\n\n\n\n<figure class=\"wp-block-image\"><img loading=\"lazy\" decoding=\"async\" width=\"2048\" height=\"1365\" src=\"https:\/\/www.hopmann-garten.de\/wp-content\/uploads\/2021\/01\/IMG_3134.jpg\" alt=\"Wohnambiente\" class=\"wp-image-7429\" srcset=\"https:\/\/www.hopmann-garten.de\/wp-content\/uploads\/2021\/01\/IMG_3134.jpg 2048w, https:\/\/www.hopmann-garten.de\/wp-content\/uploads\/2021\/01\/IMG_3134-300x200.jpg 300w, https:\/\/www.hopmann-garten.de\/wp-content\/uploads\/2021\/01\/IMG_3134-1024x683.jpg 1024w, https:\/\/www.hopmann-garten.de\/wp-content\/uploads\/2021\/01\/IMG_3134-768x512.jpg 768w, https:\/\/www.hopmann-garten.de\/wp-content\/uploads\/2021\/01\/IMG_3134-1536x1024.jpg 1536w, https:\/\/www.hopmann-garten.de\/wp-content\/uploads\/2021\/01\/IMG_3134-450x300.jpg 450w, https:\/\/www.hopmann-garten.de\/wp-content\/uploads\/2021\/01\/IMG_3134-272x182.jpg 272w, https:\/\/www.hopmann-garten.de\/wp-content\/uploads\/2021\/01\/IMG_3134-600x400.jpg 600w\" sizes=\"auto, (max-width: 2048px) 100vw, 2048px\" \/><\/figure>\n<\/div>\n\n\n\n<div class=\"wp-block-column is-layout-flow wp-container-core-column-is-layout-6b73ce23 wp-block-column-is-layout-flow\">\n<figure class=\"wp-block-image size-full is-resized\"><img loading=\"lazy\" decoding=\"async\" width=\"480\" height=\"640\" src=\"https:\/\/www.hopmann-garten.de\/wp-content\/uploads\/2025\/02\/image-rotated.jpeg\" alt=\"\" class=\"wp-image-9719\" style=\"width:258px;height:auto\" srcset=\"https:\/\/www.hopmann-garten.de\/wp-content\/uploads\/2025\/02\/image-rotated.jpeg 480w, https:\/\/www.hopmann-garten.de\/wp-content\/uploads\/2025\/02\/image-225x300.jpeg 225w, https:\/\/www.hopmann-garten.de\/wp-content\/uploads\/2025\/02\/image-300x400.jpeg 300w, https:\/\/www.hopmann-garten.de\/wp-content\/uploads\/2025\/02\/image-450x600.jpeg 450w\" sizes=\"auto, (max-width: 480px) 100vw, 480px\" \/><\/figure>\n\n\n\n<figure class=\"wp-block-image size-full\"><img loading=\"lazy\" decoding=\"async\" width=\"480\" height=\"640\" src=\"https:\/\/www.hopmann-garten.de\/wp-content\/uploads\/2025\/02\/image-1.jpeg\" alt=\"\" class=\"wp-image-9720\" srcset=\"https:\/\/www.hopmann-garten.de\/wp-content\/uploads\/2025\/02\/image-1.jpeg 480w, https:\/\/www.hopmann-garten.de\/wp-content\/uploads\/2025\/02\/image-1-225x300.jpeg 225w, https:\/\/www.hopmann-garten.de\/wp-content\/uploads\/2025\/02\/image-1-300x400.jpeg 300w, https:\/\/www.hopmann-garten.de\/wp-content\/uploads\/2025\/02\/image-1-450x600.jpeg 450w\" sizes=\"auto, (max-width: 480px) 100vw, 480px\" \/><\/figure>\n<\/div>\n<\/div>\n<\/div>\n<\/div>\n\n\n\n<div style=\"height:calc( 0.25 * var(--wp--style--root--padding-right, var(--wp--custom--gap--horizontal)))\" aria-hidden=\"true\" class=\"wp-block-spacer\"><\/div>\n<\/div>\n","protected":false},"excerpt":{"rendered":"<p>Wir f\u00fchren ein umfangreiches Sortiment f\u00fcr Wohnambiente und Lifestyle. \u00dcber Wohnambiente und Geschmack l\u00e4sst sich ja bekanntlich nicht streiten! Aus diesem Grund finden Sie bei uns\u00a0auch etwas f\u00fcr jeden Geschmack.Glas, Kerzen, Tischschmuck, Textilien und Kleinm\u00f6bel \u00a0finden Sie bei uns in saisonal st\u00e4ndig wechselnden Zusammensetzungen und Ausf\u00fchrungen.Zum Wohnen geh\u00f6rt auch ein festlich gedeckter Tisch. Wir bieten [&hellip;]<\/p>\n","protected":false},"author":1,"featured_media":0,"parent":21,"menu_order":0,"comment_status":"closed","ping_status":"closed","template":"","meta":{"footnotes":""},"class_list":["post-49","page","type-page","status-publish","hentry"],"ams_acf":[],"yoast_head":"<!-- This site is optimized with the Yoast SEO plugin v27.3 - https:\/\/yoast.com\/product\/yoast-seo-wordpress\/ -->\n<title>Wohnambiente im Hopmann Garten- und Freizeitmarkt Xanten<\/title>\n<meta name=\"description\" content=\"Wohnambiente &amp; Lifestyle.\u00a0Wir f\u00fchren ein umfangreiches Sortiment rund um Dekoration und Wohnaccessoires. Wir schaffen Wohlf\u00fchlambiente in Ihrem Zuhause.\" \/>\n<meta name=\"robots\" content=\"index, follow, max-snippet:-1, max-image-preview:large, max-video-preview:-1\" \/>\n<link rel=\"canonical\" href=\"https:\/\/www.hopmann-garten.de\/?page_id=49\" \/>\n<meta property=\"og:locale\" content=\"de_DE\" \/>\n<meta property=\"og:type\" content=\"article\" \/>\n<meta property=\"og:title\" content=\"Wohnambiente im Hopmann Garten- und Freizeitmarkt Xanten\" \/>\n<meta property=\"og:description\" content=\"Wohnambiente &amp; Lifestyle.\u00a0Wir f\u00fchren ein umfangreiches Sortiment rund um Dekoration und Wohnaccessoires. Wir schaffen Wohlf\u00fchlambiente in Ihrem Zuhause.\" \/>\n<meta property=\"og:url\" content=\"https:\/\/www.hopmann-garten.de\/?page_id=49\" \/>\n<meta property=\"article:publisher\" content=\"https:\/\/www.facebook.com\/HopmannGM\" \/>\n<meta property=\"article:modified_time\" content=\"2025-02-20T10:24:55+00:00\" \/>\n<meta property=\"og:image\" content=\"https:\/\/www.hopmann-garten.de\/wp-content\/uploads\/2025\/02\/IMG_8722.jpg\" \/>\n\t<meta property=\"og:image:width\" content=\"480\" \/>\n\t<meta property=\"og:image:height\" content=\"640\" \/>\n\t<meta property=\"og:image:type\" content=\"image\/jpeg\" \/>\n<meta name=\"twitter:card\" content=\"summary_large_image\" \/>\n<meta name=\"twitter:label1\" content=\"Gesch\u00e4tzte Lesezeit\" \/>\n\t<meta name=\"twitter:data1\" content=\"2\u00a0Minuten\" \/>\n<script type=\"application\/ld+json\" class=\"yoast-schema-graph\">{\"@context\":\"https:\\\/\\\/schema.org\",\"@graph\":[{\"@type\":\"WebPage\",\"@id\":\"https:\\\/\\\/www.hopmann-garten.de\\\/?page_id=49\",\"url\":\"https:\\\/\\\/www.hopmann-garten.de\\\/?page_id=49\",\"name\":\"Wohnambiente im Hopmann Garten- und Freizeitmarkt Xanten\",\"isPartOf\":{\"@id\":\"https:\\\/\\\/www.hopmann-garten.de\\\/#website\"},\"primaryImageOfPage\":{\"@id\":\"https:\\\/\\\/www.hopmann-garten.de\\\/?page_id=49#primaryimage\"},\"image\":{\"@id\":\"https:\\\/\\\/www.hopmann-garten.de\\\/?page_id=49#primaryimage\"},\"thumbnailUrl\":\"https:\\\/\\\/www.hopmann-garten.de\\\/wp-content\\\/uploads\\\/2025\\\/02\\\/IMG_8722.jpg\",\"datePublished\":\"2016-01-25T08:30:00+00:00\",\"dateModified\":\"2025-02-20T10:24:55+00:00\",\"description\":\"Wohnambiente & Lifestyle.\u00a0Wir f\u00fchren ein umfangreiches Sortiment rund um Dekoration und Wohnaccessoires. Wir schaffen Wohlf\u00fchlambiente in Ihrem Zuhause.\",\"breadcrumb\":{\"@id\":\"https:\\\/\\\/www.hopmann-garten.de\\\/?page_id=49#breadcrumb\"},\"inLanguage\":\"de\",\"potentialAction\":[{\"@type\":\"ReadAction\",\"target\":[\"https:\\\/\\\/www.hopmann-garten.de\\\/?page_id=49\"]}]},{\"@type\":\"ImageObject\",\"inLanguage\":\"de\",\"@id\":\"https:\\\/\\\/www.hopmann-garten.de\\\/?page_id=49#primaryimage\",\"url\":\"https:\\\/\\\/www.hopmann-garten.de\\\/wp-content\\\/uploads\\\/2025\\\/02\\\/IMG_8722.jpg\",\"contentUrl\":\"https:\\\/\\\/www.hopmann-garten.de\\\/wp-content\\\/uploads\\\/2025\\\/02\\\/IMG_8722.jpg\",\"width\":480,\"height\":640},{\"@type\":\"BreadcrumbList\",\"@id\":\"https:\\\/\\\/www.hopmann-garten.de\\\/?page_id=49#breadcrumb\",\"itemListElement\":[{\"@type\":\"ListItem\",\"position\":1,\"name\":\"Home\",\"item\":\"https:\\\/\\\/www.hopmann-garten.de\\\/\"},{\"@type\":\"ListItem\",\"position\":2,\"name\":\"Sortiment\",\"item\":\"https:\\\/\\\/www.hopmann-garten.de\\\/?page_id=21\"},{\"@type\":\"ListItem\",\"position\":3,\"name\":\"Wohnambiente\"}]},{\"@type\":\"WebSite\",\"@id\":\"https:\\\/\\\/www.hopmann-garten.de\\\/#website\",\"url\":\"https:\\\/\\\/www.hopmann-garten.de\\\/\",\"name\":\"\",\"description\":\"\",\"publisher\":{\"@id\":\"https:\\\/\\\/www.hopmann-garten.de\\\/#organization\"},\"potentialAction\":[{\"@type\":\"SearchAction\",\"target\":{\"@type\":\"EntryPoint\",\"urlTemplate\":\"https:\\\/\\\/www.hopmann-garten.de\\\/?s={search_term_string}\"},\"query-input\":{\"@type\":\"PropertyValueSpecification\",\"valueRequired\":true,\"valueName\":\"search_term_string\"}}],\"inLanguage\":\"de\"},{\"@type\":\"Organization\",\"@id\":\"https:\\\/\\\/www.hopmann-garten.de\\\/#organization\",\"name\":\"Mobau Hopmann GmbH Garten- und Freizeitmarkt\",\"url\":\"https:\\\/\\\/www.hopmann-garten.de\\\/\",\"logo\":{\"@type\":\"ImageObject\",\"inLanguage\":\"de\",\"@id\":\"https:\\\/\\\/www.hopmann-garten.de\\\/#\\\/schema\\\/logo\\\/image\\\/\",\"url\":\"https:\\\/\\\/www.hopmann-garten.de\\\/wp-content\\\/uploads\\\/2025\\\/02\\\/image.png\",\"contentUrl\":\"https:\\\/\\\/www.hopmann-garten.de\\\/wp-content\\\/uploads\\\/2025\\\/02\\\/image.png\",\"width\":2823,\"height\":421,\"caption\":\"Mobau Hopmann GmbH Garten- und Freizeitmarkt\"},\"image\":{\"@id\":\"https:\\\/\\\/www.hopmann-garten.de\\\/#\\\/schema\\\/logo\\\/image\\\/\"},\"sameAs\":[\"https:\\\/\\\/www.facebook.com\\\/HopmannGM\",\"https:\\\/\\\/www.instagram.com\\\/garten_freizeitmarkt_hopmann\\\/\"]}]}<\/script>\n<!-- \/ Yoast SEO plugin. -->","yoast_head_json":{"title":"Wohnambiente im Hopmann Garten- und Freizeitmarkt Xanten","description":"Wohnambiente & Lifestyle.\u00a0Wir f\u00fchren ein umfangreiches Sortiment rund um Dekoration und Wohnaccessoires. Wir schaffen Wohlf\u00fchlambiente in Ihrem Zuhause.","robots":{"index":"index","follow":"follow","max-snippet":"max-snippet:-1","max-image-preview":"max-image-preview:large","max-video-preview":"max-video-preview:-1"},"canonical":"https:\/\/www.hopmann-garten.de\/?page_id=49","og_locale":"de_DE","og_type":"article","og_title":"Wohnambiente im Hopmann Garten- und Freizeitmarkt Xanten","og_description":"Wohnambiente & Lifestyle.\u00a0Wir f\u00fchren ein umfangreiches Sortiment rund um Dekoration und Wohnaccessoires. Wir schaffen Wohlf\u00fchlambiente in Ihrem Zuhause.","og_url":"https:\/\/www.hopmann-garten.de\/?page_id=49","article_publisher":"https:\/\/www.facebook.com\/HopmannGM","article_modified_time":"2025-02-20T10:24:55+00:00","og_image":[{"width":480,"height":640,"url":"https:\/\/www.hopmann-garten.de\/wp-content\/uploads\/2025\/02\/IMG_8722.jpg","type":"image\/jpeg"}],"twitter_card":"summary_large_image","twitter_misc":{"Gesch\u00e4tzte Lesezeit":"2\u00a0Minuten"},"schema":{"@context":"https:\/\/schema.org","@graph":[{"@type":"WebPage","@id":"https:\/\/www.hopmann-garten.de\/?page_id=49","url":"https:\/\/www.hopmann-garten.de\/?page_id=49","name":"Wohnambiente im Hopmann Garten- und Freizeitmarkt Xanten","isPartOf":{"@id":"https:\/\/www.hopmann-garten.de\/#website"},"primaryImageOfPage":{"@id":"https:\/\/www.hopmann-garten.de\/?page_id=49#primaryimage"},"image":{"@id":"https:\/\/www.hopmann-garten.de\/?page_id=49#primaryimage"},"thumbnailUrl":"https:\/\/www.hopmann-garten.de\/wp-content\/uploads\/2025\/02\/IMG_8722.jpg","datePublished":"2016-01-25T08:30:00+00:00","dateModified":"2025-02-20T10:24:55+00:00","description":"Wohnambiente & Lifestyle.\u00a0Wir f\u00fchren ein umfangreiches Sortiment rund um Dekoration und Wohnaccessoires. Wir schaffen Wohlf\u00fchlambiente in Ihrem Zuhause.","breadcrumb":{"@id":"https:\/\/www.hopmann-garten.de\/?page_id=49#breadcrumb"},"inLanguage":"de","potentialAction":[{"@type":"ReadAction","target":["https:\/\/www.hopmann-garten.de\/?page_id=49"]}]},{"@type":"ImageObject","inLanguage":"de","@id":"https:\/\/www.hopmann-garten.de\/?page_id=49#primaryimage","url":"https:\/\/www.hopmann-garten.de\/wp-content\/uploads\/2025\/02\/IMG_8722.jpg","contentUrl":"https:\/\/www.hopmann-garten.de\/wp-content\/uploads\/2025\/02\/IMG_8722.jpg","width":480,"height":640},{"@type":"BreadcrumbList","@id":"https:\/\/www.hopmann-garten.de\/?page_id=49#breadcrumb","itemListElement":[{"@type":"ListItem","position":1,"name":"Home","item":"https:\/\/www.hopmann-garten.de\/"},{"@type":"ListItem","position":2,"name":"Sortiment","item":"https:\/\/www.hopmann-garten.de\/?page_id=21"},{"@type":"ListItem","position":3,"name":"Wohnambiente"}]},{"@type":"WebSite","@id":"https:\/\/www.hopmann-garten.de\/#website","url":"https:\/\/www.hopmann-garten.de\/","name":"","description":"","publisher":{"@id":"https:\/\/www.hopmann-garten.de\/#organization"},"potentialAction":[{"@type":"SearchAction","target":{"@type":"EntryPoint","urlTemplate":"https:\/\/www.hopmann-garten.de\/?s={search_term_string}"},"query-input":{"@type":"PropertyValueSpecification","valueRequired":true,"valueName":"search_term_string"}}],"inLanguage":"de"},{"@type":"Organization","@id":"https:\/\/www.hopmann-garten.de\/#organization","name":"Mobau Hopmann GmbH Garten- und Freizeitmarkt","url":"https:\/\/www.hopmann-garten.de\/","logo":{"@type":"ImageObject","inLanguage":"de","@id":"https:\/\/www.hopmann-garten.de\/#\/schema\/logo\/image\/","url":"https:\/\/www.hopmann-garten.de\/wp-content\/uploads\/2025\/02\/image.png","contentUrl":"https:\/\/www.hopmann-garten.de\/wp-content\/uploads\/2025\/02\/image.png","width":2823,"height":421,"caption":"Mobau Hopmann GmbH Garten- und Freizeitmarkt"},"image":{"@id":"https:\/\/www.hopmann-garten.de\/#\/schema\/logo\/image\/"},"sameAs":["https:\/\/www.facebook.com\/HopmannGM","https:\/\/www.instagram.com\/garten_freizeitmarkt_hopmann\/"]}]}},"_links":{"self":[{"href":"https:\/\/www.hopmann-garten.de\/index.php?rest_route=\/wp\/v2\/pages\/49","targetHints":{"allow":["GET"]}}],"collection":[{"href":"https:\/\/www.hopmann-garten.de\/index.php?rest_route=\/wp\/v2\/pages"}],"about":[{"href":"https:\/\/www.hopmann-garten.de\/index.php?rest_route=\/wp\/v2\/types\/page"}],"author":[{"embeddable":true,"href":"https:\/\/www.hopmann-garten.de\/index.php?rest_route=\/wp\/v2\/users\/1"}],"replies":[{"embeddable":true,"href":"https:\/\/www.hopmann-garten.de\/index.php?rest_route=%2Fwp%2Fv2%2Fcomments&post=49"}],"version-history":[{"count":2,"href":"https:\/\/www.hopmann-garten.de\/index.php?rest_route=\/wp\/v2\/pages\/49\/revisions"}],"predecessor-version":[{"id":9766,"href":"https:\/\/www.hopmann-garten.de\/index.php?rest_route=\/wp\/v2\/pages\/49\/revisions\/9766"}],"up":[{"embeddable":true,"href":"https:\/\/www.hopmann-garten.de\/index.php?rest_route=\/wp\/v2\/pages\/21"}],"wp:attachment":[{"href":"https:\/\/www.hopmann-garten.de\/index.php?rest_route=%2Fwp%2Fv2%2Fmedia&parent=49"}],"curies":[{"name":"wp","href":"https:\/\/api.w.org\/{rel}","templated":true}]}}