{"id":45,"date":"2016-01-25T09:29:20","date_gmt":"2016-01-25T08:29:20","guid":{"rendered":"http:\/\/test.bastelshop-xanten.de\/?page_id=45"},"modified":"2025-02-17T17:34:31","modified_gmt":"2025-02-17T16:34:31","slug":"gartencenter","status":"publish","type":"page","link":"https:\/\/www.hopmann-garten.de\/?page_id=45","title":{"rendered":"Gartencenter"},"content":{"rendered":"<div id=\"c96\" class=\"csc-default\">\n<p>In unserem Gartencenter in Xanten wartet eine Vielzahl verschiedener Pflanzen auf Sie!<\/p>\n<p>Mehrj\u00e4hrige Stauden, Kletterpflanzen, eine gro\u00dfe Auswahl an Kr\u00e4utern und Wasserpflanzen, sowie aktuelle Saisonangebote bieten eine Vielzahl an Gestaltungsm\u00f6glichkeiten f\u00fcr Balkon, K\u00fcbel und Garten.<\/p>\n<\/div>\n\n\n<div class=\"wp-block-group alignfull is-layout-constrained wp-container-core-group-is-layout-4b87db4f wp-block-group-is-layout-constrained\" style=\"margin-top:0px;margin-bottom:0px;padding-top:64px;padding-bottom:64px\">\n<div class=\"wp-block-columns alignwide has-ti-bg-alt-background-color has-background is-layout-flex wp-container-core-columns-is-layout-072d2254 wp-block-columns-is-layout-flex\" style=\"border-width:2px;padding-top:0px;padding-right:0px;padding-bottom:0px;padding-left:0px\">\n<div class=\"wp-block-column is-vertically-aligned-center is-layout-flow wp-block-column-is-layout-flow\" style=\"padding-top:24px;padding-right:24px;padding-bottom:24px;padding-left:24px;flex-basis:33%\">\n<p class=\"has-text-align-center\">Rosen &#8211; Die K\u00f6niginnen des Gartens<\/p>\n\n\n\n<p class=\"has-text-align-center\">F\u00fcr jeden Garten sind Rosen ein echter Hingucker. Durch die vielen verschiedenen Arten und Farbgebungen gibt es f\u00fcr jeden Garten eine passende Sorte. Bei uns im Gartencenter finden Sie ausgefallene Edelrosen, Strauchrosen und Kletterrosen, viele davon sind Duftrosen. Und das&nbsp;gleich zum Mitnehmen.<\/p>\n<\/div>\n\n\n\n<div class=\"wp-block-column is-layout-flow wp-block-column-is-layout-flow\" style=\"flex-basis:33%\">\n<figure class=\"wp-block-image\"><img loading=\"lazy\" decoding=\"async\" width=\"640\" height=\"480\" src=\"https:\/\/www.hopmann-garten.de\/wp-content\/uploads\/2016\/01\/rose_1453843356.jpg\" alt=\"Rose\" class=\"wp-image-163\" srcset=\"https:\/\/www.hopmann-garten.de\/wp-content\/uploads\/2016\/01\/rose_1453843356.jpg 640w, https:\/\/www.hopmann-garten.de\/wp-content\/uploads\/2016\/01\/rose_1453843356-300x225.jpg 300w, https:\/\/www.hopmann-garten.de\/wp-content\/uploads\/2016\/01\/rose_1453843356-600x450.jpg 600w\" sizes=\"auto, (max-width: 640px) 100vw, 640px\" \/><\/figure>\n\n\n\n<p><strong>Edelrosen<\/strong>\u00a0haben einzelne Bl\u00fcten auf kr\u00e4ftigen Stielen und eignen sich besonders gut als Schnittblumen. Sie sind in jedem Rosengarten eine besondere Sch\u00f6nheit, auch wenn sie meistens mehr Pflege als andere Sorten ben\u00f6tigen.<\/p>\n<\/div>\n\n\n\n<div class=\"wp-block-column is-layout-flow wp-block-column-is-layout-flow\"><\/div>\n\n\n\n<div class=\"wp-block-column is-vertically-aligned-center is-layout-flow wp-block-column-is-layout-flow\" style=\"padding-top:24px;padding-right:24px;padding-bottom:24px;padding-left:24px;flex-basis:33%\">\n<p><strong>Duftrosen <\/strong>haben&nbsp;unterschiedliche Duftnoten, was nicht zuletzt auch am Wetter liegt. In unserem Gartencenter finden Sie unterschiedliche Sorten mit verschiedenen D\u00fcften. Am besten vor Ort den Duft wahrnehmen und entscheiden.<\/p>\n\n\n\n<p class=\"has-text-align-center\"><strong>Kletterrosen<\/strong>\u00a0sind besonders geeignet f\u00fcr die Pflanzung an Hausw\u00e4nden, Rankhilfen und als Hingucker an einer Pergola. Die meisten Sorten bl\u00fchen mehrmals im Jahr. Es gibt auch wenige Sorten, die nur einmal im Jahr, aber daf\u00fcr besonders \u00fcppig bl\u00fchen.<\/p>\n<\/div>\n<\/div>\n<\/div>\n\n\n\n<div class=\"wp-block-columns alignwide is-layout-flex wp-container-core-columns-is-layout-28f84493 wp-block-columns-is-layout-flex\">\n<div class=\"wp-block-column is-layout-flow wp-block-column-is-layout-flow\" style=\"flex-basis:25%\">\n<figure class=\"wp-block-image\"><img loading=\"lazy\" decoding=\"async\" width=\"640\" height=\"426\" src=\"https:\/\/www.hopmann-garten.de\/wp-content\/uploads\/2016\/01\/kr\u00e4uter_1454155171.jpg\" alt=\"Kr\u00e4uter\" class=\"wp-image-313\" srcset=\"https:\/\/www.hopmann-garten.de\/wp-content\/uploads\/2016\/01\/kr\u00e4uter_1454155171.jpg 640w, https:\/\/www.hopmann-garten.de\/wp-content\/uploads\/2016\/01\/kr\u00e4uter_1454155171-300x200.jpg 300w, https:\/\/www.hopmann-garten.de\/wp-content\/uploads\/2016\/01\/kr\u00e4uter_1454155171-272x182.jpg 272w, https:\/\/www.hopmann-garten.de\/wp-content\/uploads\/2016\/01\/kr\u00e4uter_1454155171-600x399.jpg 600w\" sizes=\"auto, (max-width: 640px) 100vw, 640px\" \/><\/figure>\n\n\n\n<h3 class=\"wp-block-heading\">Rosen und Clematis<\/h3>\n\n\n\n<p>Clematis eignen sich prima als Rosenpartner im Garten. Jedoch sollte die Clematis&nbsp;nur eine begleitende Position einnehmen und&nbsp;nicht gr\u00f6\u00dfer &nbsp;als die Rose&nbsp;werden. Die Auswahl wird&nbsp;durch verschiedene Sorten mit unterschiedlichen Bl\u00fchzeiten nicht leicht gemacht. Es eignen sich&nbsp;robuste, winterharte und nicht zu stark wuchernde Sorten.<\/p>\n\n\n\n<p><br>\u00a0<\/p>\n<\/div>\n\n\n\n<div class=\"wp-block-column is-layout-flow wp-block-column-is-layout-flow\"><\/div>\n\n\n\n<div class=\"wp-block-column is-layout-flow wp-block-column-is-layout-flow\" style=\"flex-basis:25%\">\n<p>Die Rose sollte\u00a01-2 Jahre an der gew\u00fcnschten Stelle stehen\u00a0damit sie sich gen\u00fcgend ins Erdreich eingewurzelt hat, bevor\u00a0die Clematis dann in einem Abstand von ca einem Meter dazu gesetzt werden.<br>Die Artenvielfalt bei der Clematis ist unglaublich, es gibt fr\u00fch- und sp\u00e4tbl\u00fchende Sorten und vieles mehr. Zwar sind die Sorten sehr unterschiedlich, die Pflege bleibt \u00fcberwiegend gleich. Alle Sorten brauchen einen schattigen Fu\u00df um sich gut entwickeln zu k\u00f6nnen. Die meisten Sorten sind Kletterplanzen und brauchen eine Rankhilfe, daf\u00fcr eignen sich z.B. Spaliere, Z\u00e4une, R\u00f6senb\u00f6gen u.s.w.<\/p>\n\n\n\n<figure class=\"wp-block-image\"><img loading=\"lazy\" decoding=\"async\" width=\"640\" height=\"426\" src=\"https:\/\/www.hopmann-garten.de\/wp-content\/uploads\/2016\/01\/clematis_1453843883.jpg\" alt=\"Clematis\" class=\"wp-image-170\" srcset=\"https:\/\/www.hopmann-garten.de\/wp-content\/uploads\/2016\/01\/clematis_1453843883.jpg 640w, https:\/\/www.hopmann-garten.de\/wp-content\/uploads\/2016\/01\/clematis_1453843883-300x200.jpg 300w, https:\/\/www.hopmann-garten.de\/wp-content\/uploads\/2016\/01\/clematis_1453843883-272x182.jpg 272w, https:\/\/www.hopmann-garten.de\/wp-content\/uploads\/2016\/01\/clematis_1453843883-600x399.jpg 600w, https:\/\/www.hopmann-garten.de\/wp-content\/uploads\/2016\/01\/clematis_1453843883-620x413.jpg 620w, https:\/\/www.hopmann-garten.de\/wp-content\/uploads\/2016\/01\/clematis_1453843883-400x266.jpg 400w, https:\/\/www.hopmann-garten.de\/wp-content\/uploads\/2016\/01\/clematis_1453843883-375x250.jpg 375w\" sizes=\"auto, (max-width: 640px) 100vw, 640px\" \/><\/figure>\n<\/div>\n\n\n\n<div class=\"wp-block-column is-layout-flow wp-block-column-is-layout-flow\" style=\"flex-basis:45%\">\n<figure class=\"wp-block-image\"><img loading=\"lazy\" decoding=\"async\" width=\"1024\" height=\"685\" src=\"https:\/\/www.hopmann-garten.de\/wp-content\/uploads\/2016\/02\/kr\u00e4uter_1455524131-1024x685.jpg\" alt=\"Kr\u00e4uter\" class=\"wp-image-578\" srcset=\"https:\/\/www.hopmann-garten.de\/wp-content\/uploads\/2016\/02\/kr\u00e4uter_1455524131-1024x685.jpg 1024w, https:\/\/www.hopmann-garten.de\/wp-content\/uploads\/2016\/02\/kr\u00e4uter_1455524131-600x401.jpg 600w, https:\/\/www.hopmann-garten.de\/wp-content\/uploads\/2016\/02\/kr\u00e4uter_1455524131-300x201.jpg 300w, https:\/\/www.hopmann-garten.de\/wp-content\/uploads\/2016\/02\/kr\u00e4uter_1455524131-768x514.jpg 768w, https:\/\/www.hopmann-garten.de\/wp-content\/uploads\/2016\/02\/kr\u00e4uter_1455524131.jpg 1280w\" sizes=\"auto, (max-width: 1024px) 100vw, 1024px\" \/><\/figure>\n\n\n\n<p>Kr\u00e4uter<\/p>\n\n\n\n<p>Knackig gr\u00fcne und frische Kr\u00e4uter schmecken nat\u00fcrlich aus dem eigenen Kr\u00e4utergarten am besten! Kr\u00e4uter pflanzen ist relativ unproblematisch &#8211; wenn Sie ein paar einfache Regeln beachten, k\u00f6nnen Sie nicht nur Kr\u00e4uter pflanzen, sondern auch eine vielversprechende Ernte einfahren. Wer die Kr\u00e4uter nicht selber aus Samen ziehen will, kann die fertigen Pflanzen direkt im Topf einkaufen und direkt pflanzen! Das hat den Vorteil, dass sie sofort geerntet werden k\u00f6nnen. Den Standort sollten Sie sich aber gut \u00fcberlegen, denn Petersilie, Schnittlauch, Basilikum, Thymian und andere Kr\u00e4uter haben unterschiedliche Anforderungen. Lassen Sie sich von unserer G\u00e4rtnerin beraten, so dass Sie lange Freude an Ihrem kleinen Kr\u00e4utergarten haben!<\/p>\n<\/div>\n<\/div>\n\n\n\n<p><\/p>\n","protected":false},"excerpt":{"rendered":"<p>In unserem Gartencenter in Xanten wartet eine Vielzahl verschiedener Pflanzen auf Sie! Mehrj\u00e4hrige Stauden, Kletterpflanzen, eine gro\u00dfe Auswahl an Kr\u00e4utern und Wasserpflanzen, sowie aktuelle Saisonangebote bieten eine Vielzahl an Gestaltungsm\u00f6glichkeiten f\u00fcr Balkon, K\u00fcbel und Garten. Rosen &#8211; Die K\u00f6niginnen des Gartens F\u00fcr jeden Garten sind Rosen ein echter Hingucker. Durch die vielen verschiedenen Arten und [&hellip;]<\/p>\n","protected":false},"author":1,"featured_media":0,"parent":21,"menu_order":0,"comment_status":"closed","ping_status":"closed","template":"","meta":{"footnotes":""},"class_list":["post-45","page","type-page","status-publish","hentry"],"ams_acf":[],"yoast_head":"<!-- This site is optimized with the Yoast SEO plugin v27.4 - https:\/\/yoast.com\/product\/yoast-seo-wordpress\/ -->\n<title>Gartencenter Hopmann Garten- und Freizeitmarkt Xanten<\/title>\n<meta name=\"description\" content=\"Besuchen Sie unser Gartencenter, lassen Sie sich von der gro\u00dfen Auswahl inspirieren und sich von fachkundigen und freundlichen Mitarbeitern beraten.\" \/>\n<meta name=\"robots\" content=\"index, follow, max-snippet:-1, max-image-preview:large, max-video-preview:-1\" \/>\n<link rel=\"canonical\" href=\"https:\/\/www.hopmann-garten.de\/?page_id=45\" \/>\n<meta property=\"og:locale\" content=\"de_DE\" \/>\n<meta property=\"og:type\" content=\"article\" \/>\n<meta property=\"og:title\" content=\"Gartencenter Hopmann Garten- und Freizeitmarkt Xanten\" \/>\n<meta property=\"og:description\" content=\"Besuchen Sie unser Gartencenter, lassen Sie sich von der gro\u00dfen Auswahl inspirieren und sich von fachkundigen und freundlichen Mitarbeitern beraten.\" \/>\n<meta property=\"og:url\" content=\"https:\/\/www.hopmann-garten.de\/?page_id=45\" \/>\n<meta property=\"article:publisher\" content=\"https:\/\/www.facebook.com\/HopmannGM\" \/>\n<meta property=\"article:modified_time\" content=\"2025-02-17T16:34:31+00:00\" \/>\n<meta property=\"og:image\" content=\"https:\/\/www.hopmann-garten.de\/wp-content\/uploads\/2016\/01\/rose_1453843356.jpg\" \/>\n\t<meta property=\"og:image:width\" content=\"640\" \/>\n\t<meta property=\"og:image:height\" content=\"480\" \/>\n\t<meta property=\"og:image:type\" content=\"image\/jpeg\" \/>\n<meta name=\"twitter:card\" content=\"summary_large_image\" \/>\n<script type=\"application\/ld+json\" class=\"yoast-schema-graph\">{\"@context\":\"https:\\\/\\\/schema.org\",\"@graph\":[{\"@type\":\"WebPage\",\"@id\":\"https:\\\/\\\/www.hopmann-garten.de\\\/?page_id=45\",\"url\":\"https:\\\/\\\/www.hopmann-garten.de\\\/?page_id=45\",\"name\":\"Gartencenter Hopmann Garten- und Freizeitmarkt Xanten\",\"isPartOf\":{\"@id\":\"https:\\\/\\\/www.hopmann-garten.de\\\/#website\"},\"primaryImageOfPage\":{\"@id\":\"https:\\\/\\\/www.hopmann-garten.de\\\/?page_id=45#primaryimage\"},\"image\":{\"@id\":\"https:\\\/\\\/www.hopmann-garten.de\\\/?page_id=45#primaryimage\"},\"thumbnailUrl\":\"https:\\\/\\\/www.hopmann-garten.de\\\/wp-content\\\/uploads\\\/2016\\\/01\\\/rose_1453843356.jpg\",\"datePublished\":\"2016-01-25T08:29:20+00:00\",\"dateModified\":\"2025-02-17T16:34:31+00:00\",\"description\":\"Besuchen Sie unser Gartencenter, lassen Sie sich von der gro\u00dfen Auswahl inspirieren und sich von fachkundigen und freundlichen Mitarbeitern beraten.\",\"breadcrumb\":{\"@id\":\"https:\\\/\\\/www.hopmann-garten.de\\\/?page_id=45#breadcrumb\"},\"inLanguage\":\"de\",\"potentialAction\":[{\"@type\":\"ReadAction\",\"target\":[\"https:\\\/\\\/www.hopmann-garten.de\\\/?page_id=45\"]}]},{\"@type\":\"ImageObject\",\"inLanguage\":\"de\",\"@id\":\"https:\\\/\\\/www.hopmann-garten.de\\\/?page_id=45#primaryimage\",\"url\":\"https:\\\/\\\/www.hopmann-garten.de\\\/wp-content\\\/uploads\\\/2016\\\/01\\\/rose_1453843356.jpg\",\"contentUrl\":\"https:\\\/\\\/www.hopmann-garten.de\\\/wp-content\\\/uploads\\\/2016\\\/01\\\/rose_1453843356.jpg\",\"width\":640,\"height\":480,\"caption\":\"LoggaWiggler \\\/ Pixabay\"},{\"@type\":\"BreadcrumbList\",\"@id\":\"https:\\\/\\\/www.hopmann-garten.de\\\/?page_id=45#breadcrumb\",\"itemListElement\":[{\"@type\":\"ListItem\",\"position\":1,\"name\":\"Home\",\"item\":\"https:\\\/\\\/www.hopmann-garten.de\\\/\"},{\"@type\":\"ListItem\",\"position\":2,\"name\":\"Sortiment\",\"item\":\"https:\\\/\\\/www.hopmann-garten.de\\\/?page_id=21\"},{\"@type\":\"ListItem\",\"position\":3,\"name\":\"Gartencenter\"}]},{\"@type\":\"WebSite\",\"@id\":\"https:\\\/\\\/www.hopmann-garten.de\\\/#website\",\"url\":\"https:\\\/\\\/www.hopmann-garten.de\\\/\",\"name\":\"\",\"description\":\"\",\"publisher\":{\"@id\":\"https:\\\/\\\/www.hopmann-garten.de\\\/#organization\"},\"potentialAction\":[{\"@type\":\"SearchAction\",\"target\":{\"@type\":\"EntryPoint\",\"urlTemplate\":\"https:\\\/\\\/www.hopmann-garten.de\\\/?s={search_term_string}\"},\"query-input\":{\"@type\":\"PropertyValueSpecification\",\"valueRequired\":true,\"valueName\":\"search_term_string\"}}],\"inLanguage\":\"de\"},{\"@type\":\"Organization\",\"@id\":\"https:\\\/\\\/www.hopmann-garten.de\\\/#organization\",\"name\":\"Mobau Hopmann GmbH Garten- und Freizeitmarkt\",\"url\":\"https:\\\/\\\/www.hopmann-garten.de\\\/\",\"logo\":{\"@type\":\"ImageObject\",\"inLanguage\":\"de\",\"@id\":\"https:\\\/\\\/www.hopmann-garten.de\\\/#\\\/schema\\\/logo\\\/image\\\/\",\"url\":\"https:\\\/\\\/www.hopmann-garten.de\\\/wp-content\\\/uploads\\\/2025\\\/02\\\/image.png\",\"contentUrl\":\"https:\\\/\\\/www.hopmann-garten.de\\\/wp-content\\\/uploads\\\/2025\\\/02\\\/image.png\",\"width\":2823,\"height\":421,\"caption\":\"Mobau Hopmann GmbH Garten- und Freizeitmarkt\"},\"image\":{\"@id\":\"https:\\\/\\\/www.hopmann-garten.de\\\/#\\\/schema\\\/logo\\\/image\\\/\"},\"sameAs\":[\"https:\\\/\\\/www.facebook.com\\\/HopmannGM\",\"https:\\\/\\\/www.instagram.com\\\/garten_freizeitmarkt_hopmann\\\/\"]}]}<\/script>\n<!-- \/ Yoast SEO plugin. -->","yoast_head_json":{"title":"Gartencenter Hopmann Garten- und Freizeitmarkt Xanten","description":"Besuchen Sie unser Gartencenter, lassen Sie sich von der gro\u00dfen Auswahl inspirieren und sich von fachkundigen und freundlichen Mitarbeitern beraten.","robots":{"index":"index","follow":"follow","max-snippet":"max-snippet:-1","max-image-preview":"max-image-preview:large","max-video-preview":"max-video-preview:-1"},"canonical":"https:\/\/www.hopmann-garten.de\/?page_id=45","og_locale":"de_DE","og_type":"article","og_title":"Gartencenter Hopmann Garten- und Freizeitmarkt Xanten","og_description":"Besuchen Sie unser Gartencenter, lassen Sie sich von der gro\u00dfen Auswahl inspirieren und sich von fachkundigen und freundlichen Mitarbeitern beraten.","og_url":"https:\/\/www.hopmann-garten.de\/?page_id=45","article_publisher":"https:\/\/www.facebook.com\/HopmannGM","article_modified_time":"2025-02-17T16:34:31+00:00","og_image":[{"width":640,"height":480,"url":"https:\/\/www.hopmann-garten.de\/wp-content\/uploads\/2016\/01\/rose_1453843356.jpg","type":"image\/jpeg"}],"twitter_card":"summary_large_image","schema":{"@context":"https:\/\/schema.org","@graph":[{"@type":"WebPage","@id":"https:\/\/www.hopmann-garten.de\/?page_id=45","url":"https:\/\/www.hopmann-garten.de\/?page_id=45","name":"Gartencenter Hopmann Garten- und Freizeitmarkt Xanten","isPartOf":{"@id":"https:\/\/www.hopmann-garten.de\/#website"},"primaryImageOfPage":{"@id":"https:\/\/www.hopmann-garten.de\/?page_id=45#primaryimage"},"image":{"@id":"https:\/\/www.hopmann-garten.de\/?page_id=45#primaryimage"},"thumbnailUrl":"https:\/\/www.hopmann-garten.de\/wp-content\/uploads\/2016\/01\/rose_1453843356.jpg","datePublished":"2016-01-25T08:29:20+00:00","dateModified":"2025-02-17T16:34:31+00:00","description":"Besuchen Sie unser Gartencenter, lassen Sie sich von der gro\u00dfen Auswahl inspirieren und sich von fachkundigen und freundlichen Mitarbeitern beraten.","breadcrumb":{"@id":"https:\/\/www.hopmann-garten.de\/?page_id=45#breadcrumb"},"inLanguage":"de","potentialAction":[{"@type":"ReadAction","target":["https:\/\/www.hopmann-garten.de\/?page_id=45"]}]},{"@type":"ImageObject","inLanguage":"de","@id":"https:\/\/www.hopmann-garten.de\/?page_id=45#primaryimage","url":"https:\/\/www.hopmann-garten.de\/wp-content\/uploads\/2016\/01\/rose_1453843356.jpg","contentUrl":"https:\/\/www.hopmann-garten.de\/wp-content\/uploads\/2016\/01\/rose_1453843356.jpg","width":640,"height":480,"caption":"LoggaWiggler \/ Pixabay"},{"@type":"BreadcrumbList","@id":"https:\/\/www.hopmann-garten.de\/?page_id=45#breadcrumb","itemListElement":[{"@type":"ListItem","position":1,"name":"Home","item":"https:\/\/www.hopmann-garten.de\/"},{"@type":"ListItem","position":2,"name":"Sortiment","item":"https:\/\/www.hopmann-garten.de\/?page_id=21"},{"@type":"ListItem","position":3,"name":"Gartencenter"}]},{"@type":"WebSite","@id":"https:\/\/www.hopmann-garten.de\/#website","url":"https:\/\/www.hopmann-garten.de\/","name":"","description":"","publisher":{"@id":"https:\/\/www.hopmann-garten.de\/#organization"},"potentialAction":[{"@type":"SearchAction","target":{"@type":"EntryPoint","urlTemplate":"https:\/\/www.hopmann-garten.de\/?s={search_term_string}"},"query-input":{"@type":"PropertyValueSpecification","valueRequired":true,"valueName":"search_term_string"}}],"inLanguage":"de"},{"@type":"Organization","@id":"https:\/\/www.hopmann-garten.de\/#organization","name":"Mobau Hopmann GmbH Garten- und Freizeitmarkt","url":"https:\/\/www.hopmann-garten.de\/","logo":{"@type":"ImageObject","inLanguage":"de","@id":"https:\/\/www.hopmann-garten.de\/#\/schema\/logo\/image\/","url":"https:\/\/www.hopmann-garten.de\/wp-content\/uploads\/2025\/02\/image.png","contentUrl":"https:\/\/www.hopmann-garten.de\/wp-content\/uploads\/2025\/02\/image.png","width":2823,"height":421,"caption":"Mobau Hopmann GmbH Garten- und Freizeitmarkt"},"image":{"@id":"https:\/\/www.hopmann-garten.de\/#\/schema\/logo\/image\/"},"sameAs":["https:\/\/www.facebook.com\/HopmannGM","https:\/\/www.instagram.com\/garten_freizeitmarkt_hopmann\/"]}]}},"_links":{"self":[{"href":"https:\/\/www.hopmann-garten.de\/index.php?rest_route=\/wp\/v2\/pages\/45","targetHints":{"allow":["GET"]}}],"collection":[{"href":"https:\/\/www.hopmann-garten.de\/index.php?rest_route=\/wp\/v2\/pages"}],"about":[{"href":"https:\/\/www.hopmann-garten.de\/index.php?rest_route=\/wp\/v2\/types\/page"}],"author":[{"embeddable":true,"href":"https:\/\/www.hopmann-garten.de\/index.php?rest_route=\/wp\/v2\/users\/1"}],"replies":[{"embeddable":true,"href":"https:\/\/www.hopmann-garten.de\/index.php?rest_route=%2Fwp%2Fv2%2Fcomments&post=45"}],"version-history":[{"count":1,"href":"https:\/\/www.hopmann-garten.de\/index.php?rest_route=\/wp\/v2\/pages\/45\/revisions"}],"predecessor-version":[{"id":9741,"href":"https:\/\/www.hopmann-garten.de\/index.php?rest_route=\/wp\/v2\/pages\/45\/revisions\/9741"}],"up":[{"embeddable":true,"href":"https:\/\/www.hopmann-garten.de\/index.php?rest_route=\/wp\/v2\/pages\/21"}],"wp:attachment":[{"href":"https:\/\/www.hopmann-garten.de\/index.php?rest_route=%2Fwp%2Fv2%2Fmedia&parent=45"}],"curies":[{"name":"wp","href":"https:\/\/api.w.org\/{rel}","templated":true}]}}