{"id":23,"date":"2016-01-25T09:12:30","date_gmt":"2016-01-25T08:12:30","guid":{"rendered":"http:\/\/test.bastelshop-xanten.de\/?page_id=23"},"modified":"2025-02-18T13:29:49","modified_gmt":"2025-02-18T12:29:49","slug":"ueber-uns","status":"publish","type":"page","link":"https:\/\/www.hopmann-garten.de\/?page_id=23","title":{"rendered":"\u00dcber uns"},"content":{"rendered":"\n<div class=\"wp-block-group alignfull is-content-justification-center is-layout-constrained wp-container-core-group-is-layout-df757ecc wp-block-group-is-layout-constrained\" style=\"margin-top:0;margin-bottom:0;padding-top:calc( 0.5 * var(--wp--style--root--padding-right, var(--wp--custom--gap--horizontal)));padding-right:var(--wp--style--root--padding-right, var(--wp--custom--gap--horizontal));padding-bottom:calc( 0.5 * var(--wp--style--root--padding-right, var(--wp--custom--gap--horizontal)));padding-left:var(--wp--style--root--padding-left, var(--wp--custom--gap--horizontal))\">\n<div class=\"wp-block-media-text alignfull has-media-on-the-right is-stacked-on-mobile\" style=\"grid-template-columns:auto 39%\"><div class=\"wp-block-media-text__content\">\n<h3 class=\"wp-block-heading\">Hopmann Garten- &amp; Freizeitmarkt in Xanten<\/h3>\n\n\n\n<p>Seit 1988 ist der Hopmann Garten und Freizeitmarkt die Anlaufstelle in Xanten, wenn es um das Thema Haus und Garten, aber auch um das Thema Freizeitgestaltung geht. Das Unternehmen wird mittlerweile in der zweiten Generation gef\u00fchrt.<br><br>Familienfreundlichkeit, Super-Service und qualitativ hochwertige Produkte zu fairen Preisen sind f\u00fcr uns selbstverst\u00e4ndlich.<br>Auf 6500 Quadratmetern Ausstellungsfl\u00e4che zeigen wir ein vielseitiges und breites Sortiment mit den unterschiedlichsten Warengruppen.<br>Im Outdoorbereich finden Sie Stauden, Baumschulware und verschiedene saisonale Pflanzensortimente, sowie Pflanzgef\u00e4\u00dfe.<br>Im Indoorbereich finden Sie nicht nur alles rund um die Gartenpflege, eine Vielzahl an Werkzeugen und Pflanzenschutzmittel, sowie unterschiedlichste D\u00fcnger, sondern auch eine gro\u00dfe Ausstellung mit Gartenm\u00f6beln und Sonnenschirmen und eine umfassende Ausstellung mit Grills und Grillzubeh\u00f6r.<br>Sie sind auf der Suche nach einer neuen Dekoration, brauchen ein ausgefallenes Geschenk oder einfach etwas mit Pers\u00f6nlichkeit? Dann sind Sie bei uns genau richtig! Je nach Jahreszeit zu wechselnden Themenbereichen, so dass es immer etwas Neues zu entdecken gibt.<br>Wenn Sie unsere Bastelabteilung besuchen, haben Sie die M\u00f6glichkeit, Ihrer Kreativit\u00e4t v\u00f6llig freien Lauf zu lassen.<br>Gerne geben Ihnen unsere Mitarbeiter n\u00fctzliche Tipps und unterst\u00fctzen Sie bei Ihrem Vorhaben.<\/p>\n\n\n\n<p>Lassen Sie sich beraten und \u00fcberzeugen Sie sich selbst!<\/p>\n<\/div><figure class=\"wp-block-media-text__media\"><img loading=\"lazy\" decoding=\"async\" width=\"512\" height=\"512\" src=\"https:\/\/www.hopmann-garten.de\/wp-content\/uploads\/2016\/01\/cropped-Mobau-Gartencenter-26.7.12-073-e1453713703736.jpg\" alt=\"Hopmann Garten- und Freizeitmarkt\" class=\"wp-image-13 size-full\"\/><\/figure><\/div>\n\n\n\n<div style=\"height:calc( 0.25 * var(--wp--style--root--padding-right, var(--wp--custom--gap--horizontal)))\" aria-hidden=\"true\" class=\"wp-block-spacer\"><\/div>\n\n\n\n<div style=\"height:calc( 0.25 * var(--wp--style--root--padding-right, var(--wp--custom--gap--horizontal)))\" aria-hidden=\"true\" class=\"wp-block-spacer\"><\/div>\n<\/div>\n","protected":false},"excerpt":{"rendered":"<p>Hopmann Garten- &amp; Freizeitmarkt in Xanten Seit 1988 ist der Hopmann Garten und Freizeitmarkt die Anlaufstelle in Xanten, wenn es um das Thema Haus und Garten, aber auch um das Thema Freizeitgestaltung geht. Das Unternehmen wird mittlerweile in der zweiten Generation gef\u00fchrt. Familienfreundlichkeit, Super-Service und qualitativ hochwertige Produkte zu fairen Preisen sind f\u00fcr uns selbstverst\u00e4ndlich.Auf [&hellip;]<\/p>\n","protected":false},"author":1,"featured_media":13,"parent":0,"menu_order":0,"comment_status":"closed","ping_status":"closed","template":"","meta":{"footnotes":""},"class_list":["post-23","page","type-page","status-publish","has-post-thumbnail","hentry"],"ams_acf":[],"yoast_head":"<!-- This site is optimized with the Yoast SEO plugin v27.3 - https:\/\/yoast.com\/product\/yoast-seo-wordpress\/ -->\n<title>\u00dcber uns<\/title>\n<meta name=\"description\" content=\"Wissenswertes \u00fcber uns vom\u00a0Gartenmarkt Hopmann. \u2713 Top-Service vor Ort \u2713 Jetzt online informieren und vor Ort beraten lassen!\" \/>\n<meta name=\"robots\" content=\"index, follow, max-snippet:-1, max-image-preview:large, max-video-preview:-1\" \/>\n<link rel=\"canonical\" href=\"https:\/\/www.hopmann-garten.de\/?page_id=23\" \/>\n<meta property=\"og:locale\" content=\"de_DE\" \/>\n<meta property=\"og:type\" content=\"article\" \/>\n<meta property=\"og:title\" content=\"\u00dcber uns\" \/>\n<meta property=\"og:description\" content=\"Wissenswertes \u00fcber uns vom\u00a0Gartenmarkt Hopmann. \u2713 Top-Service vor Ort \u2713 Jetzt online informieren und vor Ort beraten lassen!\" \/>\n<meta property=\"og:url\" content=\"https:\/\/www.hopmann-garten.de\/?page_id=23\" \/>\n<meta property=\"article:publisher\" content=\"https:\/\/www.facebook.com\/HopmannGM\" \/>\n<meta property=\"article:modified_time\" content=\"2025-02-18T12:29:49+00:00\" \/>\n<meta property=\"og:image\" content=\"https:\/\/www.hopmann-garten.de\/wp-content\/uploads\/2016\/01\/cropped-Mobau-Gartencenter-26.7.12-073-e1453713703736.jpg\" \/>\n\t<meta property=\"og:image:width\" content=\"512\" \/>\n\t<meta property=\"og:image:height\" content=\"512\" \/>\n\t<meta property=\"og:image:type\" content=\"image\/jpeg\" \/>\n<meta name=\"twitter:card\" content=\"summary_large_image\" \/>\n<meta name=\"twitter:label1\" content=\"Gesch\u00e4tzte Lesezeit\" \/>\n\t<meta name=\"twitter:data1\" content=\"2\u00a0Minuten\" \/>\n<script type=\"application\/ld+json\" class=\"yoast-schema-graph\">{\"@context\":\"https:\\\/\\\/schema.org\",\"@graph\":[{\"@type\":\"WebPage\",\"@id\":\"https:\\\/\\\/www.hopmann-garten.de\\\/?page_id=23\",\"url\":\"https:\\\/\\\/www.hopmann-garten.de\\\/?page_id=23\",\"name\":\"\u00dcber uns\",\"isPartOf\":{\"@id\":\"https:\\\/\\\/www.hopmann-garten.de\\\/#website\"},\"primaryImageOfPage\":{\"@id\":\"https:\\\/\\\/www.hopmann-garten.de\\\/?page_id=23#primaryimage\"},\"image\":{\"@id\":\"https:\\\/\\\/www.hopmann-garten.de\\\/?page_id=23#primaryimage\"},\"thumbnailUrl\":\"https:\\\/\\\/www.hopmann-garten.de\\\/wp-content\\\/uploads\\\/2016\\\/01\\\/cropped-Mobau-Gartencenter-26.7.12-073-e1453713703736.jpg\",\"datePublished\":\"2016-01-25T08:12:30+00:00\",\"dateModified\":\"2025-02-18T12:29:49+00:00\",\"description\":\"Wissenswertes \u00fcber uns vom\u00a0Gartenmarkt Hopmann. \u2713 Top-Service vor Ort \u2713 Jetzt online informieren und vor Ort beraten lassen!\",\"breadcrumb\":{\"@id\":\"https:\\\/\\\/www.hopmann-garten.de\\\/?page_id=23#breadcrumb\"},\"inLanguage\":\"de\",\"potentialAction\":[{\"@type\":\"ReadAction\",\"target\":[\"https:\\\/\\\/www.hopmann-garten.de\\\/?page_id=23\"]}]},{\"@type\":\"ImageObject\",\"inLanguage\":\"de\",\"@id\":\"https:\\\/\\\/www.hopmann-garten.de\\\/?page_id=23#primaryimage\",\"url\":\"https:\\\/\\\/www.hopmann-garten.de\\\/wp-content\\\/uploads\\\/2016\\\/01\\\/cropped-Mobau-Gartencenter-26.7.12-073-e1453713703736.jpg\",\"contentUrl\":\"https:\\\/\\\/www.hopmann-garten.de\\\/wp-content\\\/uploads\\\/2016\\\/01\\\/cropped-Mobau-Gartencenter-26.7.12-073-e1453713703736.jpg\",\"width\":512,\"height\":512,\"caption\":\"Gartenmarkt\"},{\"@type\":\"BreadcrumbList\",\"@id\":\"https:\\\/\\\/www.hopmann-garten.de\\\/?page_id=23#breadcrumb\",\"itemListElement\":[{\"@type\":\"ListItem\",\"position\":1,\"name\":\"Home\",\"item\":\"https:\\\/\\\/www.hopmann-garten.de\\\/\"},{\"@type\":\"ListItem\",\"position\":2,\"name\":\"\u00dcber uns\"}]},{\"@type\":\"WebSite\",\"@id\":\"https:\\\/\\\/www.hopmann-garten.de\\\/#website\",\"url\":\"https:\\\/\\\/www.hopmann-garten.de\\\/\",\"name\":\"\",\"description\":\"\",\"publisher\":{\"@id\":\"https:\\\/\\\/www.hopmann-garten.de\\\/#organization\"},\"potentialAction\":[{\"@type\":\"SearchAction\",\"target\":{\"@type\":\"EntryPoint\",\"urlTemplate\":\"https:\\\/\\\/www.hopmann-garten.de\\\/?s={search_term_string}\"},\"query-input\":{\"@type\":\"PropertyValueSpecification\",\"valueRequired\":true,\"valueName\":\"search_term_string\"}}],\"inLanguage\":\"de\"},{\"@type\":\"Organization\",\"@id\":\"https:\\\/\\\/www.hopmann-garten.de\\\/#organization\",\"name\":\"Mobau Hopmann GmbH Garten- und Freizeitmarkt\",\"url\":\"https:\\\/\\\/www.hopmann-garten.de\\\/\",\"logo\":{\"@type\":\"ImageObject\",\"inLanguage\":\"de\",\"@id\":\"https:\\\/\\\/www.hopmann-garten.de\\\/#\\\/schema\\\/logo\\\/image\\\/\",\"url\":\"https:\\\/\\\/www.hopmann-garten.de\\\/wp-content\\\/uploads\\\/2025\\\/02\\\/image.png\",\"contentUrl\":\"https:\\\/\\\/www.hopmann-garten.de\\\/wp-content\\\/uploads\\\/2025\\\/02\\\/image.png\",\"width\":2823,\"height\":421,\"caption\":\"Mobau Hopmann GmbH Garten- und Freizeitmarkt\"},\"image\":{\"@id\":\"https:\\\/\\\/www.hopmann-garten.de\\\/#\\\/schema\\\/logo\\\/image\\\/\"},\"sameAs\":[\"https:\\\/\\\/www.facebook.com\\\/HopmannGM\",\"https:\\\/\\\/www.instagram.com\\\/garten_freizeitmarkt_hopmann\\\/\"]}]}<\/script>\n<!-- \/ Yoast SEO plugin. -->","yoast_head_json":{"title":"\u00dcber uns","description":"Wissenswertes \u00fcber uns vom\u00a0Gartenmarkt Hopmann. \u2713 Top-Service vor Ort \u2713 Jetzt online informieren und vor Ort beraten lassen!","robots":{"index":"index","follow":"follow","max-snippet":"max-snippet:-1","max-image-preview":"max-image-preview:large","max-video-preview":"max-video-preview:-1"},"canonical":"https:\/\/www.hopmann-garten.de\/?page_id=23","og_locale":"de_DE","og_type":"article","og_title":"\u00dcber uns","og_description":"Wissenswertes \u00fcber uns vom\u00a0Gartenmarkt Hopmann. \u2713 Top-Service vor Ort \u2713 Jetzt online informieren und vor Ort beraten lassen!","og_url":"https:\/\/www.hopmann-garten.de\/?page_id=23","article_publisher":"https:\/\/www.facebook.com\/HopmannGM","article_modified_time":"2025-02-18T12:29:49+00:00","og_image":[{"width":512,"height":512,"url":"https:\/\/www.hopmann-garten.de\/wp-content\/uploads\/2016\/01\/cropped-Mobau-Gartencenter-26.7.12-073-e1453713703736.jpg","type":"image\/jpeg"}],"twitter_card":"summary_large_image","twitter_misc":{"Gesch\u00e4tzte Lesezeit":"2\u00a0Minuten"},"schema":{"@context":"https:\/\/schema.org","@graph":[{"@type":"WebPage","@id":"https:\/\/www.hopmann-garten.de\/?page_id=23","url":"https:\/\/www.hopmann-garten.de\/?page_id=23","name":"\u00dcber uns","isPartOf":{"@id":"https:\/\/www.hopmann-garten.de\/#website"},"primaryImageOfPage":{"@id":"https:\/\/www.hopmann-garten.de\/?page_id=23#primaryimage"},"image":{"@id":"https:\/\/www.hopmann-garten.de\/?page_id=23#primaryimage"},"thumbnailUrl":"https:\/\/www.hopmann-garten.de\/wp-content\/uploads\/2016\/01\/cropped-Mobau-Gartencenter-26.7.12-073-e1453713703736.jpg","datePublished":"2016-01-25T08:12:30+00:00","dateModified":"2025-02-18T12:29:49+00:00","description":"Wissenswertes \u00fcber uns vom\u00a0Gartenmarkt Hopmann. \u2713 Top-Service vor Ort \u2713 Jetzt online informieren und vor Ort beraten lassen!","breadcrumb":{"@id":"https:\/\/www.hopmann-garten.de\/?page_id=23#breadcrumb"},"inLanguage":"de","potentialAction":[{"@type":"ReadAction","target":["https:\/\/www.hopmann-garten.de\/?page_id=23"]}]},{"@type":"ImageObject","inLanguage":"de","@id":"https:\/\/www.hopmann-garten.de\/?page_id=23#primaryimage","url":"https:\/\/www.hopmann-garten.de\/wp-content\/uploads\/2016\/01\/cropped-Mobau-Gartencenter-26.7.12-073-e1453713703736.jpg","contentUrl":"https:\/\/www.hopmann-garten.de\/wp-content\/uploads\/2016\/01\/cropped-Mobau-Gartencenter-26.7.12-073-e1453713703736.jpg","width":512,"height":512,"caption":"Gartenmarkt"},{"@type":"BreadcrumbList","@id":"https:\/\/www.hopmann-garten.de\/?page_id=23#breadcrumb","itemListElement":[{"@type":"ListItem","position":1,"name":"Home","item":"https:\/\/www.hopmann-garten.de\/"},{"@type":"ListItem","position":2,"name":"\u00dcber uns"}]},{"@type":"WebSite","@id":"https:\/\/www.hopmann-garten.de\/#website","url":"https:\/\/www.hopmann-garten.de\/","name":"","description":"","publisher":{"@id":"https:\/\/www.hopmann-garten.de\/#organization"},"potentialAction":[{"@type":"SearchAction","target":{"@type":"EntryPoint","urlTemplate":"https:\/\/www.hopmann-garten.de\/?s={search_term_string}"},"query-input":{"@type":"PropertyValueSpecification","valueRequired":true,"valueName":"search_term_string"}}],"inLanguage":"de"},{"@type":"Organization","@id":"https:\/\/www.hopmann-garten.de\/#organization","name":"Mobau Hopmann GmbH Garten- und Freizeitmarkt","url":"https:\/\/www.hopmann-garten.de\/","logo":{"@type":"ImageObject","inLanguage":"de","@id":"https:\/\/www.hopmann-garten.de\/#\/schema\/logo\/image\/","url":"https:\/\/www.hopmann-garten.de\/wp-content\/uploads\/2025\/02\/image.png","contentUrl":"https:\/\/www.hopmann-garten.de\/wp-content\/uploads\/2025\/02\/image.png","width":2823,"height":421,"caption":"Mobau Hopmann GmbH Garten- und Freizeitmarkt"},"image":{"@id":"https:\/\/www.hopmann-garten.de\/#\/schema\/logo\/image\/"},"sameAs":["https:\/\/www.facebook.com\/HopmannGM","https:\/\/www.instagram.com\/garten_freizeitmarkt_hopmann\/"]}]}},"_links":{"self":[{"href":"https:\/\/www.hopmann-garten.de\/index.php?rest_route=\/wp\/v2\/pages\/23","targetHints":{"allow":["GET"]}}],"collection":[{"href":"https:\/\/www.hopmann-garten.de\/index.php?rest_route=\/wp\/v2\/pages"}],"about":[{"href":"https:\/\/www.hopmann-garten.de\/index.php?rest_route=\/wp\/v2\/types\/page"}],"author":[{"embeddable":true,"href":"https:\/\/www.hopmann-garten.de\/index.php?rest_route=\/wp\/v2\/users\/1"}],"replies":[{"embeddable":true,"href":"https:\/\/www.hopmann-garten.de\/index.php?rest_route=%2Fwp%2Fv2%2Fcomments&post=23"}],"version-history":[{"count":3,"href":"https:\/\/www.hopmann-garten.de\/index.php?rest_route=\/wp\/v2\/pages\/23\/revisions"}],"predecessor-version":[{"id":9796,"href":"https:\/\/www.hopmann-garten.de\/index.php?rest_route=\/wp\/v2\/pages\/23\/revisions\/9796"}],"wp:featuredmedia":[{"embeddable":true,"href":"https:\/\/www.hopmann-garten.de\/index.php?rest_route=\/wp\/v2\/media\/13"}],"wp:attachment":[{"href":"https:\/\/www.hopmann-garten.de\/index.php?rest_route=%2Fwp%2Fv2%2Fmedia&parent=23"}],"curies":[{"name":"wp","href":"https:\/\/api.w.org\/{rel}","templated":true}]}}