{"id":220,"date":"2016-01-28T07:45:39","date_gmt":"2016-01-28T06:45:39","guid":{"rendered":"http:\/\/test.bastelshop-xanten.de\/?page_id=220"},"modified":"2025-02-17T18:21:19","modified_gmt":"2025-02-17T17:21:19","slug":"gartengeraete","status":"publish","type":"page","link":"https:\/\/www.hopmann-garten.de\/?page_id=220","title":{"rendered":"Gartenger\u00e4te"},"content":{"rendered":"<p>Wir f\u00fchren ein sehr umfangreiches Sortiment f\u00fcr die unterschiedlichsten Anwendungsbereiche.\u00a0Viele Gartenger\u00e4te der Hersteller Fiskars, Gardena, Wolf-Garten, Felco und Siena Garden sind vorr\u00e4tig. Lassen Sie sich durch unsere Mitarbeiter beraten und erhalten Sie n\u00fctzliche Tipps aus der Praxis!<\/p>\n<p>\u00a0<\/p>\n\n\n<div class=\"wp-block-group alignfull is-content-justification-center is-layout-constrained wp-container-core-group-is-layout-df757ecc wp-block-group-is-layout-constrained\" style=\"margin-top:0;margin-bottom:0;padding-top:calc( 0.5 * var(--wp--style--root--padding-right, var(--wp--custom--gap--horizontal)));padding-right:var(--wp--style--root--padding-right, var(--wp--custom--gap--horizontal));padding-bottom:calc( 0.5 * var(--wp--style--root--padding-right, var(--wp--custom--gap--horizontal)));padding-left:var(--wp--style--root--padding-left, var(--wp--custom--gap--horizontal))\">\n<div style=\"height:calc( 0.25 * var(--wp--style--root--padding-right, var(--wp--custom--gap--horizontal)))\" aria-hidden=\"true\" class=\"wp-block-spacer\"><\/div>\n\n\n\n<div class=\"wp-block-columns alignwide is-layout-flex wp-container-core-columns-is-layout-7fc3d43a wp-block-columns-is-layout-flex\">\n<div class=\"wp-block-column is-vertically-aligned-center is-content-justification-left is-layout-constrained wp-container-core-column-is-layout-128e448e wp-block-column-is-layout-constrained\" style=\"flex-basis:40%\">\n<h3 class=\"wp-block-heading\">GLORIA<\/h3>\n\n\n\n<p>Gloria steht seit 70 Jahren f\u00fcr Qualit\u00e4t, Handhabung und Design und ist Marktf\u00fchrer f\u00fcr qualitativ hochwertige und technisch ausgereifte Spr\u00fchger\u00e4te. Sie k\u00f6nnen GLORIA Produkte vielseitig im Garten, Gew\u00e4chshaus oder Haushalt anwenden. Mit das bekannteste Produkt ist das Druckspr\u00fchger\u00e4t Prima 5 mit 5l Fassungsverm\u00f6gen. Es sorgt mit einem maximalen Betriebsdruck von 3 bar f\u00fcr ein sehr gutes und gleichm\u00e4\u00dfiges Spr\u00fchergebnis und ist f\u00fcr kleinere und mittlere G\u00e4rten bestens geeignet. Das Modell verf\u00fcgt zudem \u00fcber ein integriertes Sicherheitsventil und ist mit einem Tragegurt bequem \u00fcber der Schulter tragbar.<\/p>\n\n\n\n<h4 class=\"wp-block-heading\">MultiBrush<\/h4>\n\n\n\n<p>F\u00fcr die einfache Fugen- und Oberfl\u00e4chenreinigung hat GLORIA ein ganz neues Produkt entwickelt. Die MultiBrush beseitigt Schmutz mechanisch ohne den Einsatz chemischer Erzeugnisse.&nbsp;Dieses Multitalent besteht aus einer Antriebseinheit, an die sich ganz einfach und ohne Werkzeug Nylon-B\u00fcrstenwalzen zur Reinigung von Holz und Steinoberfl\u00e4chen oder eine Draht-Fugenb\u00fcrste montieren lassen.&nbsp;Das Nylonmaterial der&nbsp;165 mm breiten Walzenb\u00fcrste&nbsp;ist robust und gleichzeitig schonend f\u00fcr den Untergrund, so dass die&nbsp;unterschiedlichen Steinmaterialien&nbsp;nicht verkratzt oder besch\u00e4digt werden.&nbsp;Optional als Zubeh\u00f6r erh\u00e4ltlich ist die&nbsp;Walze zur Behandlung von Holzb\u00f6den erh\u00e4ltlich. Selbst die Rillen und Zwischenr\u00e4ume werden gr\u00fcndlich ges\u00e4ubert.&nbsp;Mit der mitgelieferten Drahtb\u00fcrste entfernt die MultiBrush Unkr\u00e4uter und Moose, die in den Fugen von Terrassen und Gehwegen wachsen.<\/p>\n\n\n\n<h4 class=\"wp-block-heading\"><\/h4>\n<\/div>\n\n\n\n<div class=\"wp-block-column is-layout-flow wp-block-column-is-layout-flow\">\n<h4 class=\"wp-block-heading\">Unkrautentfernen ohne Chemie mit der GLORIA Thermoflamm bio-Serie<\/h4>\n\n\n\n<p>Die GLORIA Thermoflamm bio-Serie besteht aus vier verschiedenen&nbsp;Unkrautbrennern&nbsp;und&nbsp;entfernt bequem und effektiv Unkraut, Wildwuchs und Moos. Das Arbeiten mit den GLORIA Unkrautvernichtern ist ganz einfach: Das Ger\u00e4t wird in einem Abstand von ca. 3 cm langsam \u00fcber das zu entfernende Unkraut gef\u00fchrt. Die ausstr\u00f6mende Hitze dringt dabei bis weit in die Erde und das Wurzelwerk vor. Somit k\u00f6nnen auch hartn\u00e4ckige Pflanzen effektiv behandelt werden und werden dauerhaft beseitigt. Das&nbsp;unbequeme und m\u00fchevolle Unkrautzupfen und Fugenkratzen geh\u00f6rt somit der Vergangenheit an.<\/p>\n\n\n\n<h3 class=\"wp-block-heading\">Gartenger\u00e4te und Bew\u00e4sserungstechnik von Gardena<\/h3>\n\n\n\n<p>Ihr Garten ist ein Ort der Ruhe und der Entspannung. Damit die Pflege nicht unn\u00f6tig in Arbeit und Stress ausartet, f\u00fchren&nbsp;wir viele kleine und auch gro\u00dfe Hilfsmittel, die Ihnen die Arbeit erleichtern oder sogar abnehmen! Damit&nbsp;Pflanzen und Rasen gr\u00fcn und gesund bleiben, finden Sie bei uns die zu Ihrer Anlage passende Bew\u00e4sserung. Reduzieren Sie Ihre Kosten f\u00fcr die Bew\u00e4sserung mit einem auf Ihre Bed\u00fcrfnisse abgestimmten System oder fahren Sie beruhigt in den Urlaub, w\u00e4hrend Ihre Blument\u00f6pfe automatisch bew\u00e4ssert werden. Lehnen Sie sich entspannt zur\u00fcck, w\u00e4hrend Ihr M\u00e4hroboter Ihren Rasen m\u00e4ht! Erfahren Sie mehr und lassen sich beraten!<\/p>\n\n\n\n<h3 class=\"wp-block-heading\">Gartenger\u00e4te von Fiskars<\/h3>\n\n\n\n<p>Von Fiskars finden Sie bei uns hochwertige Ger\u00e4te rund um das gro\u00dfe Thema Schneiden, sowie Ger\u00e4te f\u00fcr die Bodenbearbeitung.<\/p>\n\n\n\n<h3 class=\"wp-block-heading\"><\/h3>\n<\/div>\n\n\n\n<div class=\"wp-block-column is-layout-flow wp-block-column-is-layout-flow\">\n<div class=\"wp-block-columns alignwide is-layout-flex wp-container-core-columns-is-layout-85695472 wp-block-columns-is-layout-flex\">\n<div class=\"wp-block-column is-layout-flow wp-container-core-column-is-layout-6b73ce23 wp-block-column-is-layout-flow\">\n<figure class=\"wp-block-image\"><img loading=\"lazy\" decoding=\"async\" width=\"640\" height=\"426\" src=\"https:\/\/www.hopmann-garten.de\/wp-content\/uploads\/2016\/01\/gardena_1453963432.jpg\" alt=\"Gardena Schlauchverbinder\" class=\"wp-image-223\" srcset=\"https:\/\/www.hopmann-garten.de\/wp-content\/uploads\/2016\/01\/gardena_1453963432.jpg 640w, https:\/\/www.hopmann-garten.de\/wp-content\/uploads\/2016\/01\/gardena_1453963432-300x200.jpg 300w, https:\/\/www.hopmann-garten.de\/wp-content\/uploads\/2016\/01\/gardena_1453963432-272x182.jpg 272w, https:\/\/www.hopmann-garten.de\/wp-content\/uploads\/2016\/01\/gardena_1453963432-600x399.jpg 600w\" sizes=\"auto, (max-width: 640px) 100vw, 640px\" \/><\/figure>\n\n\n\n<figure class=\"wp-block-image\"><img loading=\"lazy\" decoding=\"async\" width=\"684\" height=\"1024\" src=\"https:\/\/www.hopmann-garten.de\/wp-content\/uploads\/2016\/01\/4046436025602-MultiBrush-Fuge_1-684x1024.jpg\" alt=\"Gloria Multibrush\" class=\"wp-image-636\" srcset=\"https:\/\/www.hopmann-garten.de\/wp-content\/uploads\/2016\/01\/4046436025602-MultiBrush-Fuge_1-684x1024.jpg 684w, https:\/\/www.hopmann-garten.de\/wp-content\/uploads\/2016\/01\/4046436025602-MultiBrush-Fuge_1-600x899.jpg 600w, https:\/\/www.hopmann-garten.de\/wp-content\/uploads\/2016\/01\/4046436025602-MultiBrush-Fuge_1-200x300.jpg 200w, https:\/\/www.hopmann-garten.de\/wp-content\/uploads\/2016\/01\/4046436025602-MultiBrush-Fuge_1-768x1151.jpg 768w, https:\/\/www.hopmann-garten.de\/wp-content\/uploads\/2016\/01\/4046436025602-MultiBrush-Fuge_1.jpg 1335w\" sizes=\"auto, (max-width: 684px) 100vw, 684px\" \/><\/figure>\n<\/div>\n\n\n\n<div class=\"wp-block-column is-layout-flow wp-container-core-column-is-layout-6b73ce23 wp-block-column-is-layout-flow\">\n<figure class=\"wp-block-image\"><img loading=\"lazy\" decoding=\"async\" width=\"683\" height=\"1024\" src=\"https:\/\/www.hopmann-garten.de\/wp-content\/uploads\/2016\/01\/4006325508425-prima-5_39-TE_3-683x1024.jpg\" alt=\"Prima 5\" class=\"wp-image-635\" srcset=\"https:\/\/www.hopmann-garten.de\/wp-content\/uploads\/2016\/01\/4006325508425-prima-5_39-TE_3-683x1024.jpg 683w, https:\/\/www.hopmann-garten.de\/wp-content\/uploads\/2016\/01\/4006325508425-prima-5_39-TE_3-600x900.jpg 600w, https:\/\/www.hopmann-garten.de\/wp-content\/uploads\/2016\/01\/4006325508425-prima-5_39-TE_3-200x300.jpg 200w, https:\/\/www.hopmann-garten.de\/wp-content\/uploads\/2016\/01\/4006325508425-prima-5_39-TE_3-768x1152.jpg 768w, https:\/\/www.hopmann-garten.de\/wp-content\/uploads\/2016\/01\/4006325508425-prima-5_39-TE_3.jpg 1000w\" sizes=\"auto, (max-width: 683px) 100vw, 683px\" \/><\/figure>\n\n\n\n<figure class=\"wp-block-image\"><img loading=\"lazy\" decoding=\"async\" width=\"682\" height=\"1024\" src=\"https:\/\/www.hopmann-garten.de\/wp-content\/uploads\/2016\/01\/4046436021147-Thf-bio-Comfort_1-682x1024.jpg\" alt=\"Bio Comfort\" class=\"wp-image-637\" srcset=\"https:\/\/www.hopmann-garten.de\/wp-content\/uploads\/2016\/01\/4046436021147-Thf-bio-Comfort_1-682x1024.jpg 682w, https:\/\/www.hopmann-garten.de\/wp-content\/uploads\/2016\/01\/4046436021147-Thf-bio-Comfort_1-600x901.jpg 600w, https:\/\/www.hopmann-garten.de\/wp-content\/uploads\/2016\/01\/4046436021147-Thf-bio-Comfort_1-200x300.jpg 200w, https:\/\/www.hopmann-garten.de\/wp-content\/uploads\/2016\/01\/4046436021147-Thf-bio-Comfort_1-768x1153.jpg 768w, https:\/\/www.hopmann-garten.de\/wp-content\/uploads\/2016\/01\/4046436021147-Thf-bio-Comfort_1.jpg 1181w\" sizes=\"auto, (max-width: 682px) 100vw, 682px\" \/><\/figure>\n<\/div>\n<\/div>\n\n\n\n<h3 class=\"wp-block-heading\">Gartenger\u00e4te von Wolf Garten<\/h3>\n\n\n\n<p>Von Wolf Garten f\u00fchren wir ein umfangreiches Sortiment. Rasenm\u00e4her, Rasentrimmer, Scheren und Ger\u00e4te zur Bodenbearbeitung sind im Programm.<\/p>\n\n\n\n<h3 class=\"wp-block-heading\">Gartenscheren von Felco<\/h3>\n\n\n\n<p>Wenn Sie auf der Suche nach excellenten und robusten Gartenscheren sind, kommen Sie um den Hersteller Felco aus der Schweiz nicht herum. Lassen Sie sich die Produkte zeigen und sich beraten!<\/p>\n<\/div>\n<\/div>\n<\/div>\n\n\n\n<p><\/p>\n\n\n\n<div class=\"wp-block-group alignfull is-content-justification-center is-layout-constrained wp-container-core-group-is-layout-df757ecc wp-block-group-is-layout-constrained\" style=\"margin-top:0;margin-bottom:0;padding-top:calc( 0.5 * var(--wp--style--root--padding-right, var(--wp--custom--gap--horizontal)));padding-right:var(--wp--style--root--padding-right, var(--wp--custom--gap--horizontal));padding-bottom:calc( 0.5 * var(--wp--style--root--padding-right, var(--wp--custom--gap--horizontal)));padding-left:var(--wp--style--root--padding-left, var(--wp--custom--gap--horizontal))\">\n<div style=\"height:calc( 0.25 * var(--wp--style--root--padding-right, var(--wp--custom--gap--horizontal)))\" aria-hidden=\"true\" class=\"wp-block-spacer\"><\/div>\n<\/div>\n","protected":false},"excerpt":{"rendered":"<p>Wir f\u00fchren ein sehr umfangreiches Sortiment f\u00fcr die unterschiedlichsten Anwendungsbereiche.\u00a0Viele Gartenger\u00e4te der Hersteller Fiskars, Gardena, Wolf-Garten, Felco und Siena Garden sind vorr\u00e4tig. Lassen Sie sich durch unsere Mitarbeiter beraten und erhalten Sie n\u00fctzliche Tipps aus der Praxis! \u00a0 GLORIA Gloria steht seit 70 Jahren f\u00fcr Qualit\u00e4t, Handhabung und Design und ist Marktf\u00fchrer f\u00fcr qualitativ hochwertige [&hellip;]<\/p>\n","protected":false},"author":1,"featured_media":0,"parent":21,"menu_order":0,"comment_status":"closed","ping_status":"closed","template":"","meta":{"footnotes":""},"class_list":["post-220","page","type-page","status-publish","hentry"],"ams_acf":[],"yoast_head":"<!-- This site is optimized with the Yoast SEO plugin v27.3 - https:\/\/yoast.com\/product\/yoast-seo-wordpress\/ -->\n<title>Gartenger\u00e4te<\/title>\n<meta name=\"description\" content=\"Gartenger\u00e4te von Felco,\u00a0Gardena,\u00a0Fiskars,\u00a0Wolf und anderen Herstellern finden Sie im gro\u00dfen Sortiment von Hopmann Garten- und Freizeitmarkt!\" \/>\n<meta name=\"robots\" content=\"index, follow, max-snippet:-1, max-image-preview:large, max-video-preview:-1\" \/>\n<link rel=\"canonical\" href=\"https:\/\/www.hopmann-garten.de\/?page_id=220\" \/>\n<meta property=\"og:locale\" content=\"de_DE\" \/>\n<meta property=\"og:type\" content=\"article\" \/>\n<meta property=\"og:title\" content=\"Gartenger\u00e4te\" \/>\n<meta property=\"og:description\" content=\"Gartenger\u00e4te von Felco,\u00a0Gardena,\u00a0Fiskars,\u00a0Wolf und anderen Herstellern finden Sie im gro\u00dfen Sortiment von Hopmann Garten- und Freizeitmarkt!\" \/>\n<meta property=\"og:url\" content=\"https:\/\/www.hopmann-garten.de\/?page_id=220\" \/>\n<meta property=\"article:publisher\" content=\"https:\/\/www.facebook.com\/HopmannGM\" \/>\n<meta property=\"article:modified_time\" content=\"2025-02-17T17:21:19+00:00\" \/>\n<meta property=\"og:image\" content=\"https:\/\/www.hopmann-garten.de\/wp-content\/uploads\/2016\/01\/gardena_1453963432.jpg\" \/>\n\t<meta property=\"og:image:width\" content=\"640\" \/>\n\t<meta property=\"og:image:height\" content=\"426\" \/>\n\t<meta property=\"og:image:type\" content=\"image\/jpeg\" \/>\n<meta name=\"twitter:card\" content=\"summary_large_image\" \/>\n<meta name=\"twitter:label1\" content=\"Gesch\u00e4tzte Lesezeit\" \/>\n\t<meta name=\"twitter:data1\" content=\"4\u00a0Minuten\" \/>\n<script type=\"application\/ld+json\" class=\"yoast-schema-graph\">{\"@context\":\"https:\\\/\\\/schema.org\",\"@graph\":[{\"@type\":\"WebPage\",\"@id\":\"https:\\\/\\\/www.hopmann-garten.de\\\/?page_id=220\",\"url\":\"https:\\\/\\\/www.hopmann-garten.de\\\/?page_id=220\",\"name\":\"Gartenger\u00e4te\",\"isPartOf\":{\"@id\":\"https:\\\/\\\/www.hopmann-garten.de\\\/#website\"},\"primaryImageOfPage\":{\"@id\":\"https:\\\/\\\/www.hopmann-garten.de\\\/?page_id=220#primaryimage\"},\"image\":{\"@id\":\"https:\\\/\\\/www.hopmann-garten.de\\\/?page_id=220#primaryimage\"},\"thumbnailUrl\":\"https:\\\/\\\/www.hopmann-garten.de\\\/wp-content\\\/uploads\\\/2016\\\/01\\\/gardena_1453963432.jpg\",\"datePublished\":\"2016-01-28T06:45:39+00:00\",\"dateModified\":\"2025-02-17T17:21:19+00:00\",\"description\":\"Gartenger\u00e4te von Felco,\u00a0Gardena,\u00a0Fiskars,\u00a0Wolf und anderen Herstellern finden Sie im gro\u00dfen Sortiment von Hopmann Garten- und Freizeitmarkt!\",\"breadcrumb\":{\"@id\":\"https:\\\/\\\/www.hopmann-garten.de\\\/?page_id=220#breadcrumb\"},\"inLanguage\":\"de\",\"potentialAction\":[{\"@type\":\"ReadAction\",\"target\":[\"https:\\\/\\\/www.hopmann-garten.de\\\/?page_id=220\"]}]},{\"@type\":\"ImageObject\",\"inLanguage\":\"de\",\"@id\":\"https:\\\/\\\/www.hopmann-garten.de\\\/?page_id=220#primaryimage\",\"url\":\"https:\\\/\\\/www.hopmann-garten.de\\\/wp-content\\\/uploads\\\/2016\\\/01\\\/gardena_1453963432.jpg\",\"contentUrl\":\"https:\\\/\\\/www.hopmann-garten.de\\\/wp-content\\\/uploads\\\/2016\\\/01\\\/gardena_1453963432.jpg\",\"width\":640,\"height\":426,\"caption\":\"Gardena Schlauchverbinder\"},{\"@type\":\"BreadcrumbList\",\"@id\":\"https:\\\/\\\/www.hopmann-garten.de\\\/?page_id=220#breadcrumb\",\"itemListElement\":[{\"@type\":\"ListItem\",\"position\":1,\"name\":\"Home\",\"item\":\"https:\\\/\\\/www.hopmann-garten.de\\\/\"},{\"@type\":\"ListItem\",\"position\":2,\"name\":\"Sortiment\",\"item\":\"https:\\\/\\\/www.hopmann-garten.de\\\/?page_id=21\"},{\"@type\":\"ListItem\",\"position\":3,\"name\":\"Gartenger\u00e4te\"}]},{\"@type\":\"WebSite\",\"@id\":\"https:\\\/\\\/www.hopmann-garten.de\\\/#website\",\"url\":\"https:\\\/\\\/www.hopmann-garten.de\\\/\",\"name\":\"\",\"description\":\"\",\"publisher\":{\"@id\":\"https:\\\/\\\/www.hopmann-garten.de\\\/#organization\"},\"potentialAction\":[{\"@type\":\"SearchAction\",\"target\":{\"@type\":\"EntryPoint\",\"urlTemplate\":\"https:\\\/\\\/www.hopmann-garten.de\\\/?s={search_term_string}\"},\"query-input\":{\"@type\":\"PropertyValueSpecification\",\"valueRequired\":true,\"valueName\":\"search_term_string\"}}],\"inLanguage\":\"de\"},{\"@type\":\"Organization\",\"@id\":\"https:\\\/\\\/www.hopmann-garten.de\\\/#organization\",\"name\":\"Mobau Hopmann GmbH Garten- und Freizeitmarkt\",\"url\":\"https:\\\/\\\/www.hopmann-garten.de\\\/\",\"logo\":{\"@type\":\"ImageObject\",\"inLanguage\":\"de\",\"@id\":\"https:\\\/\\\/www.hopmann-garten.de\\\/#\\\/schema\\\/logo\\\/image\\\/\",\"url\":\"https:\\\/\\\/www.hopmann-garten.de\\\/wp-content\\\/uploads\\\/2025\\\/02\\\/image.png\",\"contentUrl\":\"https:\\\/\\\/www.hopmann-garten.de\\\/wp-content\\\/uploads\\\/2025\\\/02\\\/image.png\",\"width\":2823,\"height\":421,\"caption\":\"Mobau Hopmann GmbH Garten- und Freizeitmarkt\"},\"image\":{\"@id\":\"https:\\\/\\\/www.hopmann-garten.de\\\/#\\\/schema\\\/logo\\\/image\\\/\"},\"sameAs\":[\"https:\\\/\\\/www.facebook.com\\\/HopmannGM\",\"https:\\\/\\\/www.instagram.com\\\/garten_freizeitmarkt_hopmann\\\/\"]}]}<\/script>\n<!-- \/ Yoast SEO plugin. -->","yoast_head_json":{"title":"Gartenger\u00e4te","description":"Gartenger\u00e4te von Felco,\u00a0Gardena,\u00a0Fiskars,\u00a0Wolf und anderen Herstellern finden Sie im gro\u00dfen Sortiment von Hopmann Garten- und Freizeitmarkt!","robots":{"index":"index","follow":"follow","max-snippet":"max-snippet:-1","max-image-preview":"max-image-preview:large","max-video-preview":"max-video-preview:-1"},"canonical":"https:\/\/www.hopmann-garten.de\/?page_id=220","og_locale":"de_DE","og_type":"article","og_title":"Gartenger\u00e4te","og_description":"Gartenger\u00e4te von Felco,\u00a0Gardena,\u00a0Fiskars,\u00a0Wolf und anderen Herstellern finden Sie im gro\u00dfen Sortiment von Hopmann Garten- und Freizeitmarkt!","og_url":"https:\/\/www.hopmann-garten.de\/?page_id=220","article_publisher":"https:\/\/www.facebook.com\/HopmannGM","article_modified_time":"2025-02-17T17:21:19+00:00","og_image":[{"width":640,"height":426,"url":"https:\/\/www.hopmann-garten.de\/wp-content\/uploads\/2016\/01\/gardena_1453963432.jpg","type":"image\/jpeg"}],"twitter_card":"summary_large_image","twitter_misc":{"Gesch\u00e4tzte Lesezeit":"4\u00a0Minuten"},"schema":{"@context":"https:\/\/schema.org","@graph":[{"@type":"WebPage","@id":"https:\/\/www.hopmann-garten.de\/?page_id=220","url":"https:\/\/www.hopmann-garten.de\/?page_id=220","name":"Gartenger\u00e4te","isPartOf":{"@id":"https:\/\/www.hopmann-garten.de\/#website"},"primaryImageOfPage":{"@id":"https:\/\/www.hopmann-garten.de\/?page_id=220#primaryimage"},"image":{"@id":"https:\/\/www.hopmann-garten.de\/?page_id=220#primaryimage"},"thumbnailUrl":"https:\/\/www.hopmann-garten.de\/wp-content\/uploads\/2016\/01\/gardena_1453963432.jpg","datePublished":"2016-01-28T06:45:39+00:00","dateModified":"2025-02-17T17:21:19+00:00","description":"Gartenger\u00e4te von Felco,\u00a0Gardena,\u00a0Fiskars,\u00a0Wolf und anderen Herstellern finden Sie im gro\u00dfen Sortiment von Hopmann Garten- und Freizeitmarkt!","breadcrumb":{"@id":"https:\/\/www.hopmann-garten.de\/?page_id=220#breadcrumb"},"inLanguage":"de","potentialAction":[{"@type":"ReadAction","target":["https:\/\/www.hopmann-garten.de\/?page_id=220"]}]},{"@type":"ImageObject","inLanguage":"de","@id":"https:\/\/www.hopmann-garten.de\/?page_id=220#primaryimage","url":"https:\/\/www.hopmann-garten.de\/wp-content\/uploads\/2016\/01\/gardena_1453963432.jpg","contentUrl":"https:\/\/www.hopmann-garten.de\/wp-content\/uploads\/2016\/01\/gardena_1453963432.jpg","width":640,"height":426,"caption":"Gardena Schlauchverbinder"},{"@type":"BreadcrumbList","@id":"https:\/\/www.hopmann-garten.de\/?page_id=220#breadcrumb","itemListElement":[{"@type":"ListItem","position":1,"name":"Home","item":"https:\/\/www.hopmann-garten.de\/"},{"@type":"ListItem","position":2,"name":"Sortiment","item":"https:\/\/www.hopmann-garten.de\/?page_id=21"},{"@type":"ListItem","position":3,"name":"Gartenger\u00e4te"}]},{"@type":"WebSite","@id":"https:\/\/www.hopmann-garten.de\/#website","url":"https:\/\/www.hopmann-garten.de\/","name":"","description":"","publisher":{"@id":"https:\/\/www.hopmann-garten.de\/#organization"},"potentialAction":[{"@type":"SearchAction","target":{"@type":"EntryPoint","urlTemplate":"https:\/\/www.hopmann-garten.de\/?s={search_term_string}"},"query-input":{"@type":"PropertyValueSpecification","valueRequired":true,"valueName":"search_term_string"}}],"inLanguage":"de"},{"@type":"Organization","@id":"https:\/\/www.hopmann-garten.de\/#organization","name":"Mobau Hopmann GmbH Garten- und Freizeitmarkt","url":"https:\/\/www.hopmann-garten.de\/","logo":{"@type":"ImageObject","inLanguage":"de","@id":"https:\/\/www.hopmann-garten.de\/#\/schema\/logo\/image\/","url":"https:\/\/www.hopmann-garten.de\/wp-content\/uploads\/2025\/02\/image.png","contentUrl":"https:\/\/www.hopmann-garten.de\/wp-content\/uploads\/2025\/02\/image.png","width":2823,"height":421,"caption":"Mobau Hopmann GmbH Garten- und Freizeitmarkt"},"image":{"@id":"https:\/\/www.hopmann-garten.de\/#\/schema\/logo\/image\/"},"sameAs":["https:\/\/www.facebook.com\/HopmannGM","https:\/\/www.instagram.com\/garten_freizeitmarkt_hopmann\/"]}]}},"_links":{"self":[{"href":"https:\/\/www.hopmann-garten.de\/index.php?rest_route=\/wp\/v2\/pages\/220","targetHints":{"allow":["GET"]}}],"collection":[{"href":"https:\/\/www.hopmann-garten.de\/index.php?rest_route=\/wp\/v2\/pages"}],"about":[{"href":"https:\/\/www.hopmann-garten.de\/index.php?rest_route=\/wp\/v2\/types\/page"}],"author":[{"embeddable":true,"href":"https:\/\/www.hopmann-garten.de\/index.php?rest_route=\/wp\/v2\/users\/1"}],"replies":[{"embeddable":true,"href":"https:\/\/www.hopmann-garten.de\/index.php?rest_route=%2Fwp%2Fv2%2Fcomments&post=220"}],"version-history":[{"count":1,"href":"https:\/\/www.hopmann-garten.de\/index.php?rest_route=\/wp\/v2\/pages\/220\/revisions"}],"predecessor-version":[{"id":9753,"href":"https:\/\/www.hopmann-garten.de\/index.php?rest_route=\/wp\/v2\/pages\/220\/revisions\/9753"}],"up":[{"embeddable":true,"href":"https:\/\/www.hopmann-garten.de\/index.php?rest_route=\/wp\/v2\/pages\/21"}],"wp:attachment":[{"href":"https:\/\/www.hopmann-garten.de\/index.php?rest_route=%2Fwp%2Fv2%2Fmedia&parent=220"}],"curies":[{"name":"wp","href":"https:\/\/api.w.org\/{rel}","templated":true}]}}