{"id":1218,"date":"2016-09-06T15:15:47","date_gmt":"2016-09-06T13:15:47","guid":{"rendered":"https:\/\/www.hopmann-garten.de\/?page_id=1218"},"modified":"2021-02-11T14:32:18","modified_gmt":"2021-02-11T13:32:18","slug":"versand-zahlungsbedingungen","status":"publish","type":"page","link":"https:\/\/www.hopmann-garten.de\/?page_id=1218","title":{"rendered":"Versand- &#038; Zahlungsbedingungen"},"content":{"rendered":"<h4>Versandarten<\/h4>\n<p>Der Versand unserer Lieferungen erfolgt \u00fcber den Logistikanbieter GLS an die angegebene Lieferadresse.<\/p>\n<h4>Zahlungsbedingungen<\/h4>\n<p>Sie haben folgende Zahlungsm\u00f6glichkeiten:<\/p>\n<ul>\n<li>Vorkasse per \u00dcberweisung<\/li>\n<li>Zahlung per PayPal<\/li>\n<li>Barzahlung bei Abholung<\/li>\n<\/ul>\n<h4>Versandkosten<\/h4>\n<p>Die Versandkosten f\u00fcr den GLS Standardversand belaufen sich innerhalb Deutschlands auf 7,50 EUR pro Bestellung.<\/p>\n<p>F\u00fcr die deutschen Inseln bel\u00e4uft sich die Versandkostenpauschale auf 21,45 EUR.<\/p>\n<p><b><strong>Wir liefern nur innerhalb Deutschlands!<\/strong><\/b><\/p>\n<p><b><strong>E-Mail: <\/strong><\/b>info@hopmann-garten.de<\/p>\n<p><b><strong>Telefon:<\/strong><\/b> +49 02801 826 \u00a0\u00a0\u00a0\u00a0 <b><strong>Fax:\u00a0<\/strong><\/b> +49 02801 9331<\/p>\n<h4>Lieferzeit<\/h4>\n<p>Die Lieferzeit innerhalb von Deutschland betr\u00e4gt 4 &#8211; 5 Tage.<\/p>\n<h4>Information zur Berechnung des Liefertermins<\/h4>\n<p>Die Frist f\u00fcr die Lieferung beginnt bei Zahlung per Vorkasse am Tag nach Erteilung des Zahlungsauftrags an das \u00fcberweisende Kreditinstitut bzw. bei anderen Zahlungsarten am Tag nach Vertragsschluss zu laufen und endet mit dem Ablauf des letzten Tages der Frist. F\u00e4llt der letzte Tag der Frist auf einen Sonntag oder einen am Lieferort staatlich anerkannten allgemeinen Feiertag, so tritt an die Stelle eines solchen Tages der n\u00e4chste Werktag.<\/p>\n<h4>Sendungsverfolgung<\/h4>\n<p>Ihre Sendung k\u00f6nnen Sie mit Hilfe der Tracking-ID nachverfolgen.<\/p>\n<p>Um die Sendungsverfolgung nutzen zu k\u00f6nnen, werden Sie auf die entsprechende GLS Seite weitergeleitet. Anhand der Sendungsidentifikationsnummer, die jede Sendung bei verlassen unseres Hauses erh\u00e4lt, k\u00f6nnen Sie den Aufenthaltsort Ihrer Bestellung jederzeit \u00fcberpr\u00fcfen und nachvollziehen.<\/p>\n","protected":false},"excerpt":{"rendered":"<p>Versandarten Der Versand unserer Lieferungen erfolgt \u00fcber den Logistikanbieter GLS an die angegebene Lieferadresse. Zahlungsbedingungen Sie haben folgende Zahlungsm\u00f6glichkeiten: Vorkasse per \u00dcberweisung Zahlung per PayPal Barzahlung bei Abholung Versandkosten Die Versandkosten f\u00fcr den GLS Standardversand belaufen sich innerhalb Deutschlands auf 7,50 EUR pro Bestellung. F\u00fcr die deutschen Inseln bel\u00e4uft sich die Versandkostenpauschale auf 21,45 EUR. [&hellip;]<\/p>\n","protected":false},"author":1,"featured_media":0,"parent":0,"menu_order":0,"comment_status":"closed","ping_status":"closed","template":"","meta":{"footnotes":""},"class_list":["post-1218","page","type-page","status-publish","hentry"],"ams_acf":[],"yoast_head":"<!-- This site is optimized with the Yoast SEO plugin v27.3 - https:\/\/yoast.com\/product\/yoast-seo-wordpress\/ -->\n<title>Versand- &amp; Zahlungsbedingungen -<\/title>\n<meta name=\"description\" content=\"Hier finden Sie die Versand- und Zahlungsbedingungen, sowie Lieferzeiten und Informationen zur Sendungsverfolgung f\u00fcr unseren Onlineshop.\" \/>\n<meta name=\"robots\" content=\"index, follow, max-snippet:-1, max-image-preview:large, max-video-preview:-1\" \/>\n<link rel=\"canonical\" href=\"https:\/\/www.hopmann-garten.de\/?page_id=1218\" \/>\n<meta property=\"og:locale\" content=\"de_DE\" \/>\n<meta property=\"og:type\" content=\"article\" \/>\n<meta property=\"og:title\" content=\"Versand- &amp; Zahlungsbedingungen -\" \/>\n<meta property=\"og:description\" content=\"Hier finden Sie die Versand- und Zahlungsbedingungen, sowie Lieferzeiten und Informationen zur Sendungsverfolgung f\u00fcr unseren Onlineshop.\" \/>\n<meta property=\"og:url\" content=\"https:\/\/www.hopmann-garten.de\/?page_id=1218\" \/>\n<meta property=\"article:publisher\" content=\"https:\/\/www.facebook.com\/HopmannGM\" \/>\n<meta property=\"article:modified_time\" content=\"2021-02-11T13:32:18+00:00\" \/>\n<meta name=\"twitter:card\" content=\"summary_large_image\" \/>\n<meta name=\"twitter:label1\" content=\"Gesch\u00e4tzte Lesezeit\" \/>\n\t<meta name=\"twitter:data1\" content=\"1\u00a0Minute\" \/>\n<script type=\"application\/ld+json\" class=\"yoast-schema-graph\">{\"@context\":\"https:\\\/\\\/schema.org\",\"@graph\":[{\"@type\":\"WebPage\",\"@id\":\"https:\\\/\\\/www.hopmann-garten.de\\\/?page_id=1218\",\"url\":\"https:\\\/\\\/www.hopmann-garten.de\\\/?page_id=1218\",\"name\":\"Versand- & Zahlungsbedingungen -\",\"isPartOf\":{\"@id\":\"https:\\\/\\\/www.hopmann-garten.de\\\/#website\"},\"datePublished\":\"2016-09-06T13:15:47+00:00\",\"dateModified\":\"2021-02-11T13:32:18+00:00\",\"description\":\"Hier finden Sie die Versand- und Zahlungsbedingungen, sowie Lieferzeiten und Informationen zur Sendungsverfolgung f\u00fcr unseren Onlineshop.\",\"breadcrumb\":{\"@id\":\"https:\\\/\\\/www.hopmann-garten.de\\\/?page_id=1218#breadcrumb\"},\"inLanguage\":\"de\",\"potentialAction\":[{\"@type\":\"ReadAction\",\"target\":[\"https:\\\/\\\/www.hopmann-garten.de\\\/?page_id=1218\"]}]},{\"@type\":\"BreadcrumbList\",\"@id\":\"https:\\\/\\\/www.hopmann-garten.de\\\/?page_id=1218#breadcrumb\",\"itemListElement\":[{\"@type\":\"ListItem\",\"position\":1,\"name\":\"Home\",\"item\":\"https:\\\/\\\/www.hopmann-garten.de\\\/\"},{\"@type\":\"ListItem\",\"position\":2,\"name\":\"Versand- &#038; Zahlungsbedingungen\"}]},{\"@type\":\"WebSite\",\"@id\":\"https:\\\/\\\/www.hopmann-garten.de\\\/#website\",\"url\":\"https:\\\/\\\/www.hopmann-garten.de\\\/\",\"name\":\"\",\"description\":\"\",\"publisher\":{\"@id\":\"https:\\\/\\\/www.hopmann-garten.de\\\/#organization\"},\"potentialAction\":[{\"@type\":\"SearchAction\",\"target\":{\"@type\":\"EntryPoint\",\"urlTemplate\":\"https:\\\/\\\/www.hopmann-garten.de\\\/?s={search_term_string}\"},\"query-input\":{\"@type\":\"PropertyValueSpecification\",\"valueRequired\":true,\"valueName\":\"search_term_string\"}}],\"inLanguage\":\"de\"},{\"@type\":\"Organization\",\"@id\":\"https:\\\/\\\/www.hopmann-garten.de\\\/#organization\",\"name\":\"Mobau Hopmann GmbH Garten- und Freizeitmarkt\",\"url\":\"https:\\\/\\\/www.hopmann-garten.de\\\/\",\"logo\":{\"@type\":\"ImageObject\",\"inLanguage\":\"de\",\"@id\":\"https:\\\/\\\/www.hopmann-garten.de\\\/#\\\/schema\\\/logo\\\/image\\\/\",\"url\":\"https:\\\/\\\/www.hopmann-garten.de\\\/wp-content\\\/uploads\\\/2025\\\/02\\\/image.png\",\"contentUrl\":\"https:\\\/\\\/www.hopmann-garten.de\\\/wp-content\\\/uploads\\\/2025\\\/02\\\/image.png\",\"width\":2823,\"height\":421,\"caption\":\"Mobau Hopmann GmbH Garten- und Freizeitmarkt\"},\"image\":{\"@id\":\"https:\\\/\\\/www.hopmann-garten.de\\\/#\\\/schema\\\/logo\\\/image\\\/\"},\"sameAs\":[\"https:\\\/\\\/www.facebook.com\\\/HopmannGM\",\"https:\\\/\\\/www.instagram.com\\\/garten_freizeitmarkt_hopmann\\\/\"]}]}<\/script>\n<!-- \/ Yoast SEO plugin. -->","yoast_head_json":{"title":"Versand- & Zahlungsbedingungen -","description":"Hier finden Sie die Versand- und Zahlungsbedingungen, sowie Lieferzeiten und Informationen zur Sendungsverfolgung f\u00fcr unseren Onlineshop.","robots":{"index":"index","follow":"follow","max-snippet":"max-snippet:-1","max-image-preview":"max-image-preview:large","max-video-preview":"max-video-preview:-1"},"canonical":"https:\/\/www.hopmann-garten.de\/?page_id=1218","og_locale":"de_DE","og_type":"article","og_title":"Versand- & Zahlungsbedingungen -","og_description":"Hier finden Sie die Versand- und Zahlungsbedingungen, sowie Lieferzeiten und Informationen zur Sendungsverfolgung f\u00fcr unseren Onlineshop.","og_url":"https:\/\/www.hopmann-garten.de\/?page_id=1218","article_publisher":"https:\/\/www.facebook.com\/HopmannGM","article_modified_time":"2021-02-11T13:32:18+00:00","twitter_card":"summary_large_image","twitter_misc":{"Gesch\u00e4tzte Lesezeit":"1\u00a0Minute"},"schema":{"@context":"https:\/\/schema.org","@graph":[{"@type":"WebPage","@id":"https:\/\/www.hopmann-garten.de\/?page_id=1218","url":"https:\/\/www.hopmann-garten.de\/?page_id=1218","name":"Versand- & Zahlungsbedingungen -","isPartOf":{"@id":"https:\/\/www.hopmann-garten.de\/#website"},"datePublished":"2016-09-06T13:15:47+00:00","dateModified":"2021-02-11T13:32:18+00:00","description":"Hier finden Sie die Versand- und Zahlungsbedingungen, sowie Lieferzeiten und Informationen zur Sendungsverfolgung f\u00fcr unseren Onlineshop.","breadcrumb":{"@id":"https:\/\/www.hopmann-garten.de\/?page_id=1218#breadcrumb"},"inLanguage":"de","potentialAction":[{"@type":"ReadAction","target":["https:\/\/www.hopmann-garten.de\/?page_id=1218"]}]},{"@type":"BreadcrumbList","@id":"https:\/\/www.hopmann-garten.de\/?page_id=1218#breadcrumb","itemListElement":[{"@type":"ListItem","position":1,"name":"Home","item":"https:\/\/www.hopmann-garten.de\/"},{"@type":"ListItem","position":2,"name":"Versand- &#038; Zahlungsbedingungen"}]},{"@type":"WebSite","@id":"https:\/\/www.hopmann-garten.de\/#website","url":"https:\/\/www.hopmann-garten.de\/","name":"","description":"","publisher":{"@id":"https:\/\/www.hopmann-garten.de\/#organization"},"potentialAction":[{"@type":"SearchAction","target":{"@type":"EntryPoint","urlTemplate":"https:\/\/www.hopmann-garten.de\/?s={search_term_string}"},"query-input":{"@type":"PropertyValueSpecification","valueRequired":true,"valueName":"search_term_string"}}],"inLanguage":"de"},{"@type":"Organization","@id":"https:\/\/www.hopmann-garten.de\/#organization","name":"Mobau Hopmann GmbH Garten- und Freizeitmarkt","url":"https:\/\/www.hopmann-garten.de\/","logo":{"@type":"ImageObject","inLanguage":"de","@id":"https:\/\/www.hopmann-garten.de\/#\/schema\/logo\/image\/","url":"https:\/\/www.hopmann-garten.de\/wp-content\/uploads\/2025\/02\/image.png","contentUrl":"https:\/\/www.hopmann-garten.de\/wp-content\/uploads\/2025\/02\/image.png","width":2823,"height":421,"caption":"Mobau Hopmann GmbH Garten- und Freizeitmarkt"},"image":{"@id":"https:\/\/www.hopmann-garten.de\/#\/schema\/logo\/image\/"},"sameAs":["https:\/\/www.facebook.com\/HopmannGM","https:\/\/www.instagram.com\/garten_freizeitmarkt_hopmann\/"]}]}},"_links":{"self":[{"href":"https:\/\/www.hopmann-garten.de\/index.php?rest_route=\/wp\/v2\/pages\/1218","targetHints":{"allow":["GET"]}}],"collection":[{"href":"https:\/\/www.hopmann-garten.de\/index.php?rest_route=\/wp\/v2\/pages"}],"about":[{"href":"https:\/\/www.hopmann-garten.de\/index.php?rest_route=\/wp\/v2\/types\/page"}],"author":[{"embeddable":true,"href":"https:\/\/www.hopmann-garten.de\/index.php?rest_route=\/wp\/v2\/users\/1"}],"replies":[{"embeddable":true,"href":"https:\/\/www.hopmann-garten.de\/index.php?rest_route=%2Fwp%2Fv2%2Fcomments&post=1218"}],"version-history":[{"count":0,"href":"https:\/\/www.hopmann-garten.de\/index.php?rest_route=\/wp\/v2\/pages\/1218\/revisions"}],"wp:attachment":[{"href":"https:\/\/www.hopmann-garten.de\/index.php?rest_route=%2Fwp%2Fv2%2Fmedia&parent=1218"}],"curies":[{"name":"wp","href":"https:\/\/api.w.org\/{rel}","templated":true}]}}